

{"id":14938,"date":"2022-12-01T00:00:21","date_gmt":"2022-12-01T00:00:21","guid":{"rendered":"https:\/\/joy4jump.com\/product\/entering-into-collection-auditor-copy\/"},"modified":"2023-08-30T16:43:20","modified_gmt":"2023-08-30T16:43:20","slug":"entering-into-collection-auditor","status":"publish","type":"product","link":"https:\/\/joy4jump.com\/sl\/izdelek\/entering-into-collection-auditor\/","title":{"rendered":"Entering Into Collection Auditor"},"content":{"rendered":"<section class=\"wpb-content-wrapper\"><p>[vc_row][vc_column][vc_toggle title=&#8221;CELOTEN OPIS TE\u010cAJA&#8221; size=&#8221;sm&#8221;]<\/p>\n<div class=\"product-description-kolone\">\n<p>Aglity se hitro spreminja, spretnosti in tehnike vodnikov pa se nenehno izbolj\u0161ujejo. Komunikacija in \u010das, ki ga vodnik in pes pre\u017eivita skupaj, postajata vedno bolj pomembna. Te\u010daji so hitrej\u0161i in tehni\u010dno bolj zahtevni, tako za psa kot tudi za vodnika. Psi so pri teku zelo hitri, zato se morajo nau\u010diti kako varno, teko\u010de in samozavestno ravnati s svojim telesom pri tako veliki hitrosti, da se lahko hitro odzovejo na podane informacije.<\/p>\n<p>Za uspe\u0161no izveden te\u010daj skakanja je potrebno pravilno ravnanje vodnikov pso, ustrezno \u010dasovno razporejanje ukazov ter sposobnost sprejemanja hitrih in natan\u010dnih odlo\u010ditev za izbiro pravilne linije.Poleg navedenega je ena najpomembnej\u0161ih ve\u0161\u010din, da pes razume, kako sko\u010diti pravilno, samozavestno in s popolnim razumevanjem skakalne naloge. Z ustreznim usmerjanjem psa lahko vplivamo na hitrost in dol\u017eino njegovega koraka, na njegov na\u010din pribli\u017eevanja skoku, na izbiro odsko\u010dne to\u010dke ter na zaklju\u010dek skoka.<\/p>\n<p>Med tekom \u017eelimo svojega psa voditi po najbolj optimalni poti, da bi dosegli njegov najbolj optimalen oziroma najhitrej\u0161i mo\u017een \u010das. Pes mora najprej poznati vse osnovne in napredne tehnike gibanja in skakanja ter pri tem moramo upo\u0161tevati upo\u0161tevati:<br \/>\n\u2022 Pravilno \u201czbiranje\u201d korak.<br \/>\n\u2022 Prilagoditev koraka (podalj\u0161anje ali skraj\u0161anje).<br \/>\n\u2022 Spremembo vodilne ta\u010dke.<br \/>\n\u2022 Ustrezen prenos telesne te\u017ee glede na situacijo.<br \/>\n\u2022 Sposobnost razumevanja lastnega telesa npr. pravilna reakcija sprednjih ta\u010dk, povezava med prednjim in zadnjim delom ter odprtost zadnjih ta\u010dk.<br \/>\n\u2022 Razumevanje vzletne in pristajalne to\u010dke.<br \/>\n\u2022 Upogibanje telesa med obra\u010danjem.<\/p>\n<p>Pri skokih je klju\u010dnega pomena prava to\u010dka odriva, ne glede na to, ali ska\u010de naravnost ali se obra\u010da. Prihod na pravo vzleti\u0161\u010de bo definiral celoten potek skokov.<\/p>\n<p>Zavedati se moramo tudi, da je vzleti\u0161\u010de za vsakega psa dolo\u010deno druga\u010de. To bo odvisno od zgradbe psa, njegovih atletskih sposobnosti, njegove tehnike skakanja, njegovih izku\u0161enj itd.<\/p>\n<p>Ne glede na vi\u0161ino skoka moramo poiskati pravo vzletno to\u010dko.<\/p>\n<p>\u010ce delamo z ni\u017ejimi skoki (predvsem pri velikih psih), se zaleti\u0161\u010de prilagodi vsakemu psu posebej, glede na njegovo dol\u017eino in gibanje in <strong>NI NIKOLI KRAJ\u0160E OD DOL\u017dINE NJEGOVEGA HRBTA.<\/strong><\/p>\n<p><strong>Da bi se na\u0161 pes spremenil v dobrega skakalca \u010dez ovire, se bo moral nau\u010diti \u0161tevilnih skakalnih ve\u0161\u010din, imeti veliko znanja in razumevanja, kar se lahko nau\u010di s posebnimi in posebej targetiranimi vajami ter rednim treningom.<\/strong><\/p>\n<p><strong>ZBIRANJE OZIROMA KR\u010cENJE TELESA<\/strong><br \/>\nKo pomislimo na zbiranje telesa, si najprej predstavljamo vidno skraj\u0161an in po\u010dasnej\u0161i korak. Medtem ko beseda zbiranje dejansko pomeni: <strong>\u00bbprenos te\u017ee pri gibanju na zadnje noge z namenom odriva iz vodoravnega giba v navpi\u010dni gib\u00ab.<\/strong><\/p>\n<p>Z zbiranjem bo pes naredil ve\u010d korakov na dolo\u010deni razdalji, medtem ko bo s podalj\u0161anim korakom naredil manj korakov na isti razdalji.<\/p>\n<p>Pri iztegu bodo zadnje noge psa potovale naprej in ne navzgor, kot bi bilo med zbiranjem. Medtem ko pes podalj\u0161a svoj korak, bo zravnal in izravnal svoje zadnje sklepe ter se premaknil vodoravno naprej in tako zajel ve\u010d prostora.<\/p>\n<p>Da dose\u017ee primerno zbranost, mora pes skraj\u0161ati korak, kar pa ne pomeni, da njegovo gibanje zahteva manj energije. Pomembno je, da se \u0161e naprej premika z enako mo\u010djo.<\/p>\n<p><strong>POMEMBNO JE RAZUMETI, DA PES LAHKO SVOJ KORAK SKRAJ\u0160A, VENDAR SE NE ZBERE IN ZATO IZGUBI GIBANJE NAPREJ TER MO\u010c ODRIVA V ZADNJIH NOGAH.<\/strong><\/p>\n<p>Skraj\u0161an korak zato ni isto kot zbiranje.<\/p>\n<p><strong>PRAVILNO ZAPOREDJE ZBIRANJA<\/strong><br \/>\nKo \u017eelimo, da bi na\u0161 pes pri skoku naredil tesen (ali mehak) obrat, mu moramo pravo\u010dasno dati potrebno informacijo, da lahko prilagodi svoje gibanje. Vodnik torej psu sporo\u010di, pes pa mora:<br \/>\n\u2022 Oceniti razdaljo do skoka.<br \/>\n\u2022 Prilagoditi hitrost in gibanje.<br \/>\n\u2022 Hkrati s skraj\u0161anjem koraka dvigniitiglavo in potisniti zadnje noge pod sredino telesa (to ohranja mo\u010d, pro\u017enost in mo\u010d gibanja naprej).<br \/>\n\u2022 Prepoznati in prispeti na vzleti\u0161\u010de.<br \/>\n\u2022 Vstopiti v skok (glede na vstopni kot in stopnjo zasuka bo ve\u010dino svoje te\u017ee prenesel na notranjo stran zadnje noge).<br \/>\n\u2022 Dvigniti glavo, sprostiti ramena in usmeriti silo navzgor.<br \/>\n\u2022 Odmakniti sprednje ta\u010dke in narediti prostor za zadnje, ki jih bo postavil pod ramenski predel.<br \/>\n\u2022 Med zaokro\u017eevanjem hrbta potisniti se v skok.<br \/>\n\u2022 Nadaljevati z gibanjem v zavoj, medtem ko bo nad oviro sprednji del telesa usmeril navzdol.<br \/>\n\u2022 S sprednjim delom postaviti se na tla in odpreti zadnje noge.<br \/>\n\u2022 Pristati na sprednjih nogah. Njegova glava bo usmerjena navzdol ali rahlo obrnjena v smeri nadaljevanja.<br \/>\n\u2022 Ob pristanku dvigniti glavo navzgor in ubla\u017eiti dotik navzdol, da zmanj\u0161a in prenese silo s sprednjih ta\u010dk.<br \/>\n\u2022 Po pristanku in dvigu glave, sprednji del telesa potisniti v gibanje naprej in narediti prostor za zadnje noge, ki bodo poskrbele za pospe\u0161evanje in nadaljevanje teko\u010dega gibanja proti naslednjemu skoku.<\/p>\n<p><strong>KDAJ JE TESEN ZAVOJ NEMOGO\u010c?<\/strong><br \/>\n<strong>Tesen zavoj postane nemogo\u010d, ko:<\/strong><br \/>\n\u2022 Pes ne uporablja pravilne tehnike skakanja, kar pomeni zaobljen hrbet.<br \/>\n\u2022 Pes ne sko\u010di s pravilne vzletne to\u010dke. \u010ce sko\u010di predale\u010d, se njegova te\u017ea ne prenese na zadnje noge, posledi\u010dno bodo njegovi skoki preve\u010d ravni in se ne bo mogel upogniti. V tem primeru bo pes obrnil celotno telo. Njegov pristanek bo trd, sila na sprednje noge bo veliko ve\u010dja, telo bo potrebovalo ve\u010d \u010dasa, da najde ravnote\u017eje, zadnje noge pa ve\u010d \u010dasa, da potisnejo telo naprej.<br \/>\n\u2022 Pes sko\u010di z glavo v zrak. V tem primeru je prenos te\u017ee napa\u010den, pristanek trd in pes se ne more upogniti in usmeriti telesa navzdol.<\/p>\n<p><strong>KAJ VPLIVA NA ZBIRANJE?<\/strong><br \/>\nObstaja veliko dejavnikov, ki vplivajo na gibanje in zbiranje telesa.<br \/>\n-parkur &#8211; eden od dejavnikov je, kako je postavljena proga in katere so linije. Najve\u010dji vpliv na gibanje psa ima gibanje vodnika. Zavedati se moramo, da bo pes izmed vseh informacij najla\u017eje in najbolj naravno razbral gibanje vodnika in smer njegovega gibanja.<\/p>\n<p><strong>Vodnik daje svojemu psu informacije:<\/strong><br \/>\n\u2022 Verbalno<br \/>\n\u2022 S smerjo gibanja<br \/>\n\u2022 S svojim tempom<br \/>\n\u2022 Z dol\u017eino in intenzivnostjo svojega koraka<br \/>\n\u2022 S smerjo ramen in rok, stopal in bokov<br \/>\n\u2022 S svojim polo\u017eajem (spredaj, zadaj, vzporedno, dale\u010d ali blizu svojega psa)<br \/>\n\u2022 Z izrazom na obrazu in o\u010dmi<\/p>\n<p>Gibanje vodnika in smer premikanja njegovih ramen vplivata na gibanje njegovega psa in dol\u017eino njegovega koraka. \u010ce se vodnik premika naprej, bo to naravna informacija za njegovega psa, da podalj\u0161a svoj korak. \u010ce je vodnik stati\u010den, bo njegov pes samodejno skraj\u0161al korak (in ni nujno, da se bo zbral), vendar bo velik del njegove pozornosti osredoto\u010den na vodnika.<\/p>\n<p>\u010ce je vodnik za psom, je naravna informacija za psa, da skraj\u0161a korak. V primeru, da za\u010dne vodnik upo\u010dasnjevati korake, bo njegov pes razumel, da sledi zbiranje. Pri \u0161olanju se moramo vedno zavedati in upo\u0161tevati, da bo na\u0161e gibanje izjemno vplivalo na na\u0161ega psa. Stvari, ki vplivajo na zbiranje in obra\u010danje, so tudi:<br \/>\n\u2022 Telesne sposobnosti psa (zgradba telesa, te\u017ea, gibanje),<br \/>\n\u2022 Starost<br \/>\n\u2022 Telesna pripravljenost<br \/>\n\u2022 Pasma<\/p>\n<p><strong>OMEJITVE MED ZBIRANJEM IN TESIMI ZAVOJI<\/strong><br \/>\n\u010ce pes razume osnove gibanja in zbiranja ter tehniko skakanja, bo vajo izvedel najbolje kot zna.<br \/>\nNe glede na njegovo razumevanje in vzgojo se moramo vseeno zavedati, da ima vsak pes in vsaka pasma dolo\u010dene prednosti in dolo\u010dene omejitve. <strong>Pri delu in u\u010denju psa moramo vedno vse prilagoditi psu.<\/strong><\/p>\n<p>Kljub poznavanju in razumevanju vaje se lahko zgodi, da pes vaje iz kakr\u0161negakoli razloga ne more narediti dobro.<br \/>\nRazlogi so lahko:<br \/>\n\u2022 Telesne omejitve (pasma, zgradba telesa, prekomerna telesna te\u017ea, slab vid itd.)<br \/>\n\u2022 Pomanjkanje pro\u017enosti<br \/>\n\u2022 Bole\u010dine v mi\u0161icah, skrite po\u0161kodbe<br \/>\n\u2022 Slaba telesna pripravljenost.<\/p>\n<p><strong>KO VODNIK OPAZI SPREMEMBO V GIBANJU PSA ALI TE\u017dAVE MED IZVAJANJEM VADBE PSA, JE POMEMBNO, DA PSA PREGLEDA VETERINAR, FIZIOTERAPEVT, OSTEOPAT\u2026<\/strong><\/p>\n<\/div>\n<p>[\/vc_toggle][\/vc_column][\/vc_row]<\/p>\n<\/section>","protected":false},"excerpt":{"rendered":"<p>Skakalna gimnastika zasnovana posebej za va\u0161ega psa.<\/p>\n<p><strong>ZBIRANJE TELESA JE ZA VE\u010cINO PSOV TE\u017dKA VE\u0160\u010cINA, ZATO JIH JE TO POTREBNO POSEBEJ NAU\u010cITI.<\/strong><\/p>\n<p><strong>V tem te\u010daju bomo psa nau\u010dili:<\/strong><br \/>\n\u2022 Kako prenesti podalj\u0161ani korak v zbrano telo pred skokom<br \/>\n\u2022 Ustrezne nastavitve koraka<br \/>\n\u2022 Prihoda na pravo vzleti\u0161\u010de<br \/>\n\u2022 Prenosa te\u017ee na hrbet<br \/>\n\u2022 Upogibanja v skoku, od vratu do bokov<br \/>\n\u2022 Zavedanja svojega telesa s pravilno uporabo mi\u0161ic (mi\u0161i\u010dni spomin)<br \/>\n\u2022 Uravnote\u017eenja telesa<\/p>\n","protected":false},"featured_media":14776,"template":"","meta":{"inline_featured_image":false},"product_cat":[174],"product_tag":[],"class_list":["post-14938","product","type-product","status-publish","has-post-thumbnail","hentry","product_cat-uncategorized-sl"],"_links":{"self":[{"href":"https:\/\/joy4jump.com\/sl\/wp-json\/wp\/v2\/product\/14938","targetHints":{"allow":["GET"]}}],"collection":[{"href":"https:\/\/joy4jump.com\/sl\/wp-json\/wp\/v2\/product"}],"about":[{"href":"https:\/\/joy4jump.com\/sl\/wp-json\/wp\/v2\/types\/product"}],"wp:featuredmedia":[{"embeddable":true,"href":"https:\/\/joy4jump.com\/sl\/wp-json\/wp\/v2\/media\/14776"}],"wp:attachment":[{"href":"https:\/\/joy4jump.com\/sl\/wp-json\/wp\/v2\/media?parent=14938"}],"wp:term":[{"taxonomy":"product_cat","embeddable":true,"href":"https:\/\/joy4jump.com\/sl\/wp-json\/wp\/v2\/product_cat?post=14938"},{"taxonomy":"product_tag","embeddable":true,"href":"https:\/\/joy4jump.com\/sl\/wp-json\/wp\/v2\/product_tag?post=14938"}],"curies":[{"name":"wp","href":"https:\/\/api.w.org\/{rel}","templated":true}]}}