

{"id":14929,"date":"2022-07-16T08:26:04","date_gmt":"2022-07-16T08:26:04","guid":{"rendered":"https:\/\/joy4jump.com\/product\/joyfull-jumping-class-working-spot\/"},"modified":"2023-08-01T18:47:35","modified_gmt":"2023-08-01T18:47:35","slug":"joyfull-jumping-class-working-spot","status":"publish","type":"product","link":"https:\/\/joy4jump.com\/sl\/izdelek\/joyfull-jumping-class-working-spot\/","title":{"rendered":"Joyfull Jumping Working spot"},"content":{"rendered":"<section class=\"wpb-content-wrapper\"><p>[vc_row][vc_column][vc_toggle title=&#8221;CELOTEN OPIS TE\u010cAJA&#8221; size=&#8221;sm&#8221; open=&#8221;true&#8221;]<\/p>\n<div class=\"product-description-kolone\">\n<p><strong>Da pes pravilno prete\u010de vseh 20+ ovir, mora biti ustrezno iz\u0161olan.<\/strong><\/p>\n<p><strong>Skakanje je zelo te\u017eka mehanska ve\u0161\u010dina.<\/strong> Samo pomislite koliko kosti in mi\u0161ic v pasjem telesu se mora aktivirati to\u010dno v dolo\u010denem trenutku, da pes sko\u010di, in ugotovili boste, da je skok veliko bolj zapleten, kot se zdi na prvi pogled. Majhne podrobnosti so pomembne in jim je treba posvetiti veliko pozornosti. Psu moramo dati prilo\u017enost, da se nau\u010di skakati in pripraviti svoje telo in mi\u0161ice na skakalne izzive. S pravilnimi vajami lahko razvijemo dober mi\u0161i\u010dni spomin, poskrbimo za pravilno skakanje in iskanje pravih re\u0161itev v razli\u010dnih situacijah.<\/p>\n<p><strong>SKAKALNA GIMNASTIKA<\/strong> je specifi\u010dna vadba, pri kateri dolo\u010dimo vrstni red skokov. Z njo psu pomagamo do bolj\u0161ega razvoja psihofizi\u010dnih sposobnosti. Psom pomaga razviti hitrej\u0161e delo z nogami, pridobiti ve\u010djo pro\u017enost in mo\u010d v predelu vratu, ramen in hrbta. Prav tako se nau\u010dijo prepoznati razdalje, kar je nujno, da pravo\u010dasno prilagodijo svoj korak, da lahko odsko\u010dijo s pravega mesta. S skakalno gimnastiko psi razvijejo mi\u0161i\u010dni spomin, ki jim pomaga pri pravilnem skakanju.<\/p>\n<p>Skakalna gimnastika vam omogo\u010da, da poslu\u0161ate, kaj vam va\u0161 pes govori:<br \/>\n\u2022 kateri deli skakanja so zanj lahki,<br \/>\n\u2022 s katerimi deli skakanja imajo te\u017eave.<\/p>\n<p>Va\u0161a naloga je prepoznati njihova mo\u010dna in \u0161ibka podro\u010dja ter jim pomagati, da se nau\u010dijo in razumejo, kako uporabljati svoje telo pri skakanju s polno hitrostjo.<br \/>\nVsak pes je druga\u010den in ga je treba obravnavati posebej. Vsak pes ima potencial, da postane uspe\u0161en skakalec. Tek na progi zahteva od psa, da prenese te\u017eo, zbere, iztegne, se upogne \u010dez skok, se obrne in ustavi. Pes se mora nau\u010diti kombinirati te ve\u0161\u010dine, da lahko uspe\u0161no izvede vsak skok.<\/p>\n<p><strong>Nikoli ne smete nehati te\u017eiti k izbolj\u0161avam. Le s ponovitvami in pravilnim treningom lahko dose\u017eemo njihovo popolno skakalno sposobnost. Nikoli ne pozabite, da vse zahteva \u010das in vajo.<\/strong><\/p>\n<p><strong>VAJE<\/strong><br \/>\nK procesu pou\u010devanja skakanja moramo pristopiti z razli\u010dnimi vajami, da zajamemo vse vidike skakanja. Imamo vaje za:<br \/>\n\u2022 Iskanje odsko\u010dnega mesta.<br \/>\n\u2022 Odsko\u010dno mo\u010d.<br \/>\n\u2022 Od\u010ditavanje razdalj.<br \/>\n\u2022 Pravilno tehniko skok.<br \/>\n\u2022 Prenos te\u017ee.<br \/>\n\u2022 Upogib\/obra\u010danje telesa v zraku.<\/p>\n<p>Med vsako vadbo skakalne gimnastike mora biti pes popolnoma skoncentriran in mora veliko razmi\u0161ljati. Poleg tega se med izvajanjem vseh teh vaj aktivirajo mi\u0161ice, ki prej niso bile v uporabi.<\/p>\n<p><strong>Vedno moramo za\u010deti pri osnovah.<\/strong> Postaviti moramo temelje in upo\u0161tevati, da morajo na\u0161i psi zgraditi prave mi\u0161ice za te posebne vaje. Zato je zelo pomembno, da z vajami ne pretiravamo. \u0160tevilo treningov in ponovitev je odvisno od psa (starosti, stopnje telesne pripravljenosti, kondicije\u2026), nikoli pa ne sme prese\u010di 5 ponovitev v eni seji (2 seji, vsaka po 5 ponovitev).<\/p>\n<p><strong>OPREMA<\/strong><br \/>\nMed te\u010dajem boste potrebovali:<br \/>\n\u2022 4 regulatorje korakov,<br \/>\n\u2022 4 skoke (oziroma 6 od tretje lekcije naprej).<\/p>\n<p><strong>Va\u0161 pes se bo nau\u010dil, kako:<\/strong><br \/>\n\u2022 se uravnote\u017eiti,<br \/>\n\u2022 od\u010ditati razdalje med ovirami,<br \/>\n\u2022 pristopiti k skoku in odsko\u010diti s pravega mesta,<br \/>\n\u2022 prenesti te\u017eo na hrbet,<br \/>\n\u2022 nadzorovati svoje telo ob polni hitrosti.<\/p>\n<\/div>\n<p>[\/vc_toggle][\/vc_column][\/vc_row]<\/p>\n<\/section>","protected":false},"excerpt":{"rendered":"<p>Skakalna gimnastika posebej zasnovana za va\u0161ega psa.<br \/>\n<strong>SKOK JE NA AGILITYJU NAJPOGOSTEJ\u0160A OVIRA, ZATO JE IZJEMNO POMEMBNO, DA PES OBVLADA VSE VIDIKE SKAKANJA.<\/strong><\/p>\n<p><strong>V 12 TEDNIH se bo va\u0161 pes nau\u010dil, kako:<\/strong><br \/>\n\u2022 se uravnote\u017eijo skoki,<br \/>\n\u2022 prepoznati razdalje med ovirami,<br \/>\n\u2022 pravilno pristopiti k skoku in odskoku s pravega mesta,<br \/>\n\u2022 prenesti te\u017eo na hrbet,<br \/>\n\u2022 nadzorovati svoje telo ob polni hitrosti<\/p>\n<p><strong>VAJE bodo zajemale:<\/strong><br \/>\n\u2022 iskanje pravega odsko\u010dnega mesta,<br \/>\n\u2022 definiranje mo\u010di odskoka,<br \/>\n\u2022 od\u010ditavanje razdalj,<br \/>\n\u2022 pravilne tehnike za izvedbo skoka,<br \/>\n\u2022 kako prenesti te\u017eo,<br \/>\n\u2022 kako upogibati\/obra\u010dati telo v zraku.<\/p>\n","protected":false},"featured_media":14774,"template":"","meta":{"inline_featured_image":false},"product_cat":[174],"product_tag":[],"class_list":["post-14929","product","type-product","status-publish","has-post-thumbnail","hentry","product_cat-uncategorized-sl"],"_links":{"self":[{"href":"https:\/\/joy4jump.com\/sl\/wp-json\/wp\/v2\/product\/14929","targetHints":{"allow":["GET"]}}],"collection":[{"href":"https:\/\/joy4jump.com\/sl\/wp-json\/wp\/v2\/product"}],"about":[{"href":"https:\/\/joy4jump.com\/sl\/wp-json\/wp\/v2\/types\/product"}],"wp:featuredmedia":[{"embeddable":true,"href":"https:\/\/joy4jump.com\/sl\/wp-json\/wp\/v2\/media\/14774"}],"wp:attachment":[{"href":"https:\/\/joy4jump.com\/sl\/wp-json\/wp\/v2\/media?parent=14929"}],"wp:term":[{"taxonomy":"product_cat","embeddable":true,"href":"https:\/\/joy4jump.com\/sl\/wp-json\/wp\/v2\/product_cat?post=14929"},{"taxonomy":"product_tag","embeddable":true,"href":"https:\/\/joy4jump.com\/sl\/wp-json\/wp\/v2\/product_tag?post=14929"}],"curies":[{"name":"wp","href":"https:\/\/api.w.org\/{rel}","templated":true}]}}