

{"id":14927,"date":"2022-07-17T15:21:38","date_gmt":"2022-07-17T15:21:38","guid":{"rendered":"https:\/\/joy4jump.com\/product\/mastering-out-in-working-spot\/"},"modified":"2024-07-30T06:31:11","modified_gmt":"2024-07-30T06:31:11","slug":"mastering-out-in-working-spot","status":"publish","type":"product","link":"https:\/\/joy4jump.com\/sl\/izdelek\/mastering-out-in-working-spot\/","title":{"rendered":"Mastering Out &#8211; In Working spot"},"content":{"rendered":"<section class=\"wpb-content-wrapper\"><p>[vc_row][vc_column][vc_toggle title=&#8221;CELOTEN OPIS TE\u010cAJA&#8221; size=&#8221;sm&#8221; open=&#8221;true&#8221;]<\/p>\n<div class=\"product-description-kolone\">\n<p><strong>Agility se hitro spreminja, spretnosti in tehnike vodnikov psov pa se nenehno izbolj\u0161ujejo.<\/strong><br \/>\nKomunikacija ter \u010das med vodniki in psi postajata vse bolj pomembna. Te\u010daji so hitrej\u0161i in tehni\u010dno bolj zahtevni tako za psa kot za vodnika.<br \/>\nPsi se gibljejo z zelo velikimi hitrostmi, zato se morajo nau\u010diti kako varno, teko\u010de in samozavestno ravnati s svojim telesom pri teh hitrostih, da se lahko hitro odzovejo na zahtevane informacije. Poleg teh komponent je ena najpomembnej\u0161ih ve\u0161\u010din psa, da razume kako sko\u010diti pravilno, samozavestno in s popolnim razumevanjem skakalne naloge.<br \/>\nZ dobrim ravnanjem lahko vplivamo na hitrost in dol\u017eino pasjega koraka, na na\u010din pribli\u017eevanja psa skoku, odsko\u010dno to\u010dko in na informacije o tem, kaj se zgodi po tem. Med tekom po parkurju \u017eelimo psa voditi po najbolj optimalni poti, da bi dosegli najhitrej\u0161i mo\u017eni \u010das.<\/p>\n<p><strong>MEHANIKA SKOKA<\/strong><br \/>\n<strong>Skakanje je zahteven mehanski proces.<\/strong><br \/>\nV telesu psa je veliko sklepov, kosti in mi\u0161ic, ki jih je treba aktivirati v dolo\u010denem trenutku in po dolo\u010denem zaporedju, da je pes sposoben narediti skok. Skakanje je veliko bolj kompleksno, kot se zdi na prvi pogled.<br \/>\n<strong>Podrobnosti so pomembne in jim moramo posvetiti veliko pozornosti.<\/strong><br \/>\nNe glede na pasmo in velikost psa, ima skok vsakega psa naslednje zaporedje gibov: pes se pribli\u017ea skoku, postavi sprednji nogi eno malo pred drugo na odsko\u010dno mesto.<br \/>\nKo so sprednje ta\u010dke postavljene, bo pes spustil glavo in rahlo upognil sprednje noge, upognil hrbtenico in premaknil zadnje noge naprej pred sprednje noge, nato pa zravnal sprednje noge in potisnil telo navzgor ter dvignil glavo, tako da bo ta pomagala pri pdvigu.<br \/>\nZadnje noge se nato zravnajo in preko skoka potisnejo njegovo telo navzgor in naprej. Ko je pes v zraku, spusti glavo proti stegnjenim sprednjim nogam, kar mu pomaga pri gibanju naprej in hkrati zmanj\u0161a upor.<br \/>\nNa vrhu loka bo pes spustil glavo in dvignil rep, kar pomaga telesu, da se giba naprej in navzdol. Pes nato iztegne prednji nogi naprej in navzdol, eno pred drugo in se pripravi na doskok. Ko so sprednje noge na tleh, se zadnje noge premaknejo naprej pod njegovim telesom, ubla\u017eijo pristanek, nakr psi nadaljujejo tek v srednjem galopu.<br \/>\nKo pes sko\u010di, se njegovo telo najprej premakne v nasprotno smer urinega kazalca, glede na sredi\u0161\u010de njegove mase in gravitacije. S sprostitvijo zadnjih nog se sredi\u0161\u010de njegove telesne mase za\u010dne vrteti v smeri urinega kazalca. S spu\u0161\u010danjem glave in spreminjanjem polo\u017eaja, pes zavrti telo naprej, kar pomaga pri skoku ter dolo\u010di to\u010dko doskoka.<br \/>\n<strong>Skok je dejansko zgolj galopski korak,<\/strong> je le dalj\u0161i, pri \u010demer pes doda \u0161e odriv navzgor in mo\u010d, tako da je skok popoln. V sredini skoka (galop) se zadnji nogi potiskata, ena rahlo pred drugo, kar premakne telo naprej. Sprednji nogi se iztegneta naprej in pristaneta ena pred drugo. Telo se potisne naprej, ko pes upogne hrbtenico, dvigne zadnje noge in jih potisne naprej, da naredi naslednji korak. Galop je hoja, ki psu omogo\u010da hitro spreminjanje hitrosti in dol\u017eine koraka ter mu omogo\u010da fleksibilnost, da v zadnjem trenutku spremeni hitrost in prilagodi korak pred odrivom.<\/p>\n<p><strong>\u010ce pes zgodaj dvigne glavo, ko je v zraku,<\/strong> se bo njegova masa premaknila na zadnji del telesa. Tako bodo njegove zadnje noge pristale isto\u010dasno ali kmalu za sprednjimi nogami. Pri tak\u0161nem pristanku se sila pristanka odvzame s sprednjega dela telesa, sila se premakne navzgor (od sprednjih in zadnjih nog skupaj) in obe sili se sre\u010data v hrbtenici. To ima pomemben vpliv na kosti, mi\u0161ice in kite.<br \/>\nPoleg tega mora sprednji del telesa najprej pristati, da se omogo\u010di nemoteno nadaljevanje gibanja naprej. Pri pravilnem pristanku na sprednji del se bo udarna sila premaknila po prednjih nogah navzgor in se zaradi upogiba prednjih nog in hrbtenice razpr\u0161ila.<br \/>\nKo pes pristane, dvigne glavo tik preden se dotakne tal. Tako ubla\u017ei pristanek in tudi odvzame del sile udarca na prednje noge. \u010ce pes med skokom dvigne glavo, bo doskok za njegov prednji del zelo trd in stresen.<\/p>\n<p>Pravilna biomehanika skakanja zahteva, da se <strong>te\u017ea prenese na boke pod pravilnim kotom.<\/strong> To deluje kot vzmet \u2013 <strong>bolj\u0161i kot je kot, ve\u010dja je sila odriva.<\/strong><br \/>\nTo povzro\u010di, da se pes premakne navzgor. \u010ce je glava psa visoko dvignjena, bo to omejilo obseg njegovega gibanja ter gibanje vratu in ramen. Tudi hrbet bo trpel zaradi napa\u010dnega polo\u017eaja telesa med gibanjem. Ko se zakoni biomehanike ne izvajajo pravilno, se pes ne bo premikal lahkotno in spro\u0161\u010deno naprej, ampak bo to nadomestil z nepravilno uporabo mi\u0161ic. Kompenziral bo, dokler mu bo telo to dopu\u0161\u010dalo, z drugimi besedami, dokler ne bo pri\u0161lo do po\u0161kodbe ali bole\u010dine.<\/p>\n<p><strong>Za bolj\u0161e razumevanje psa kot \u0161portnika<\/strong> moramo razumeti njegovo zgradbo (glede na pasmo).<\/p>\n<p><strong>Da bi bolje ocenili telo na\u0161ega psa in njegove sposobnosti, moramo pomisliti na vrsto telesa in njegovo velikost:<\/strong><br \/>\n\u2022 <strong>Oceniti moramo razmerje med vi\u0161ino in te\u017eo psa:<\/strong> \u010cim te\u017eji je pes v primerjavi s svojo vi\u0161ino, tem te\u017eje in zahtevneje se bo premikal, njegove kosti in mi\u0161ice bodo bolj obremenjene. Manj\u0161e kot je razmerje med vi\u0161ino in te\u017eo, la\u017eje pes sko\u010di. Ve\u010dje kot je razmerje, bolj moramo biti pozorni na ustrezen program in pravo kondicijsko pripravo psa.<br \/>\n\u2022 <strong>Oceniti moramo tudi dol\u017eino nog:<\/strong> ve\u010dja kot je dol\u017eina od komolca do tal, gledano kot odstotek vi\u0161ine merjene v vihra, ve\u010djo prednost bo imel pri skoku. Razlog je v tem, da je sredi\u0161\u010de njegove telesne mase vi\u0161je, zato la\u017eje preskakuje ovire.<br \/>\n\u2022 <strong>Dol\u017eina telesa:<\/strong> psi, ki so dalj\u0161i od svoje vi\u0161ine, nosijo ve\u010djo te\u017eo na sprednjih nogah in potrebujejo dodatno kondicijsko pripravo.<br \/>\n\u2022 <strong>Slaba zgradba telesa lahko psa pri skakanju mo\u010dno ovira.<\/strong> Pes z ravno strukturo sprednjega dela bo pristal z nogami v bolj navpi\u010dnem polo\u017eaju in bo ob pristanku ob\u010dutil ve\u010dji udarec. Ponavljajo\u010de se skakanje lahko povzro\u010di prevelik pritisk na kosti, sklepe in mehka tkiva sprednjega dela in ti psi pogosto trpijo zaradi po\u0161kodb komolcev in ramen ter razvijejo degenerativne bolezni sklepov. Velja, da so zadnje noge pomembne predvsem za dodajanje mo\u010di med tekom in skakanjem. Zato imajo psi z zamaknjenimi kolki, ki omejujejo prosto gibanje v sko\u010dnih sklepih, omejeno sposobnost potiska naprej. Zaradi pomanjkanja te potisne sile naprej jo kompenzirajo s sprednjim in zadnjim delom. Posledi\u010dno bodo ti psi nagnjeni k po\u0161kodbam hrbta in sprednjega dela. (Vir: biomehanika i kretanje psa, Eksterijer pasa: Milivoje Uro\u0161evi\u010d, Darko Drobnjak)<\/p>\n<p><strong>Psi se razlikujejo po:<\/strong> pasmi, velikosti, te\u017ei, obliki in zgradbi telesa, telesnih sposobnostih, gibanju in dol\u017eini koraka pri galopu, osebnosti\u2026 Na\u0161a pri\u010dakovanja morajo temeljiti na tem znanju. Skakalne vaje moramo prilagoditi vsakemu psu posebej in razmisliti, kaj je najbolje za vsakega psa, glede na njegovo osebnost, du\u0161evno stanje in sposobnosti.<\/p>\n<p><strong>Lahkotnost in spro\u0161\u010denost<\/strong> je tisto, kar lahko vidimo, ko \u0161portnik dobro opravi nalogo. Za tem je veliko vaje in postopnega u\u010denja gibanja brez dodane hitrosti. Da bi ohranili dobro atletsko pripravljenost in dobro tehni\u010dno zmogljivost, moramo vadbo izvajati redno.<\/p>\n<p><strong>\u010ce \u017eelimo, da na\u0161 pes avtomatizira tehniko skakanja in jo prenese v situacije v agilityju, se moramo zavedati, da moramo narediti veliko ponovitev razli\u010dnih vaj, ki jih mora pes razumeti.<\/strong><\/p>\n<p><strong>\u010ce \u017eelimo, da med gibanjem z veliko hitrostjo nadzorujejo in pravilno uporabljajo svoje telo, jih moramo u\u010diti v kontroliranem okolju in pri ni\u017eji hitrosti. Tako bodo ustvarili pravilen mi\u0161i\u010dni spomin, ki se bo prenesel v agility parkur.<\/strong><\/p>\n<p><strong>Vedeti moramo, da bli\u017enjic ni. Na za\u010detku moramo narediti veliko ponovitev (kratke seje), nau\u010deno vedenje pa moramo vzdr\u017eevati skozi celotno agility kariero.<\/strong><\/p>\n<p><strong>Samo vadba zaporedja ne bo dala psu dovolj \u010dasa in osredoto\u010denosti za ustvarjanje biomehanike, ki je potrebna za dobre sposobnosti skakanja.<\/strong><\/p>\n<p><strong>Treningi skokov se nikoli ne kon\u010dajo.<\/strong> Ko se pes enkrat nau\u010di skakati, moramo vzdr\u017eevati njegove sposobnosti. Pri\u010dakujemo lahko, da bodo na\u0161i psi s treningom in ponovitvami s\u010dasoma razvili bolj\u0161e sposobnosti skakanja. Dnevno si moramo prizadevati za izbolj\u0161ave. Vsi zdravi psi imajo sposobnost postati dobri skakalci s trdno osnovo in treningi. V procesu u\u010denja je treba vsakega psa obravnavati individualno.<\/p>\n<p><strong>Skakanje nazaj<\/strong><\/p>\n<p><strong>Skakanje nazaj je zahtevna skakalna ve\u0161\u010dina. Za psa predstavlja druga\u010den skakalni izziv.<\/strong><br \/>\nPriprava na napor skakanja, ki sledi skozi zadnjo plat skoka, se za\u010dne, ko va\u0161 pes prestane skok. Glede na prihodni kot na oviro se bo njegov upogib zgodil, ko bo potoval po robu ovire. V kolik\u0161ni meri se bo pes upogibal, je razli\u010dno in je odvisno od kota njegovega prihoda na skok in bo tudi odvisno, ali se bo zbral pred zaleti\u0161\u010dem ali sko\u010dil v podalj\u0161ku.<br \/>\nKo pes naredi obrat za robom skoka, mora svoj korak prilagoditi svoji odsko\u010dni to\u010dki. Postavitev zaleti\u0161\u010da in kak\u0161en bo skok, dolo\u010da naslednja ovira.<\/p>\n<p><strong>Vzletna to\u010dka bo spremenila svoj polo\u017eaj glede na \u010drto, po kateri bo pes nadaljeval.<\/strong><\/p>\n<p><strong>Sposobnosti skakanja, ki so potrebne za skoke v zadnji del, so:<\/strong><br \/>\n\u2022 prenos te\u017ee na zadnjo notranjo nogo,<br \/>\n\u2022 obra\u010danje in upogibanje okoli krila ovire,<br \/>\n\u2022 upogib nad oviro (dvojni upogib na preskoku),<br \/>\n\u2022 prihod na pravo vzleti\u0161\u010de, ki podpira skok,<br \/>\n\u2022 zadnji del hrbta mora biti obrnjen proti notranji strani krivine,<br \/>\n\u2022 menjava vodilne noge nad skokom,<br \/>\n\u2022 ne glede na polo\u017eaj vodnika mora biti pes osredoto\u010den na odsko\u010dno to\u010dko in na skok,<br \/>\n\u2022 skok z obratom,<br \/>\n\u2022 skok, ki mu sledi ravni izhod,<br \/>\n\u2022 dobra koncentracija in fizi\u010dna sposobnost.<\/p>\n<\/div>\n<p>[\/vc_toggle][\/vc_column][\/vc_row]<\/p>\n<\/section>","protected":false},"excerpt":{"rendered":"<p>Skakalna gimnastika posebej zasnovana za va\u0161ega psa.<br \/>\n<strong>SKOKI S PRIBLI\u017dEVANJEM OD ZADAJ ZDRU\u017dUJEJO VE\u010c RAZLI\u010cNIH SKAKALNIH VE\u0160\u010cIN IN SO ZA VA\u0160EGA PSA LAHKO VELIK IZZIV.<\/strong><\/p>\n<p><strong>V 14 tednih se bo va\u0161 pes nau\u010dil:<\/strong><br \/>\n\u2022 Pravilno upogniti telo<br \/>\n\u2022 Definirati skok<br \/>\n\u2022 Tesno zaviti<br \/>\n\u2022 Spremeniti upogib \u010dez oviro<br \/>\n\u2022 Prilagoditi korak odsko\u010dnemu mestu<br \/>\n\u2022 Prepoznati fleksibilno odsko\u010dno mesto<br \/>\n\u2022 Dose\u010di ustrezno odsko\u010dno mesto<br \/>\n\u2022 Upogibanja<br \/>\n\u2022 Premikanja te\u017ee nazaj<br \/>\n\u2022 Zbiranja telesa<br \/>\n\u2022 Menjave nog<\/p>\n<p><strong>VAJE bodo va\u0161ega psa pripravile na uspe\u0161no izvajanje zahtevnih skakalnih ve\u0161\u010din.<\/strong><\/p>\n","protected":false},"featured_media":14778,"template":"","meta":{"inline_featured_image":false},"product_cat":[174],"product_tag":[],"class_list":["post-14927","product","type-product","status-publish","has-post-thumbnail","hentry","product_cat-uncategorized-sl"],"_links":{"self":[{"href":"https:\/\/joy4jump.com\/sl\/wp-json\/wp\/v2\/product\/14927","targetHints":{"allow":["GET"]}}],"collection":[{"href":"https:\/\/joy4jump.com\/sl\/wp-json\/wp\/v2\/product"}],"about":[{"href":"https:\/\/joy4jump.com\/sl\/wp-json\/wp\/v2\/types\/product"}],"wp:featuredmedia":[{"embeddable":true,"href":"https:\/\/joy4jump.com\/sl\/wp-json\/wp\/v2\/media\/14778"}],"wp:attachment":[{"href":"https:\/\/joy4jump.com\/sl\/wp-json\/wp\/v2\/media?parent=14927"}],"wp:term":[{"taxonomy":"product_cat","embeddable":true,"href":"https:\/\/joy4jump.com\/sl\/wp-json\/wp\/v2\/product_cat?post=14927"},{"taxonomy":"product_tag","embeddable":true,"href":"https:\/\/joy4jump.com\/sl\/wp-json\/wp\/v2\/product_tag?post=14927"}],"curies":[{"name":"wp","href":"https:\/\/api.w.org\/{rel}","templated":true}]}}