

{"id":14976,"date":"2022-08-13T10:07:31","date_gmt":"2022-08-13T10:07:31","guid":{"rendered":"https:\/\/joy4jump.com\/terms-and-conditions-checkout\/"},"modified":"2022-09-04T06:40:40","modified_gmt":"2022-09-04T06:40:40","slug":"pogoji-poslovanja-checkout","status":"publish","type":"page","link":"https:\/\/joy4jump.com\/sl\/pogoji-poslovanja-checkout\/","title":{"rendered":"Pogoji poslovanja Checkout"},"content":{"rendered":"\r\n<p>Izjavljam, da se strinjam s <a href=\"\/sl\/pogoji-poslovanja\/\" target=\"_blank\" rel=\"noopener\">Pogoji poslovanja<\/a> spletnega mesta. Potrjujem, da sem prebral\/a Pogoje poslovanja in razumem, zakaj ponudnik uporablja moje osebne podatke, ki jih posredujem ponudniku pri uporabi spletne strani. Pri nakupu storitve\/izdelka v spletni trgovini se \u0161teje pogodba med kupcem (vami) in ponudnikom (domena joy4jump.com) sklenjena, ko ponudnik prejme va\u0161e naro\u010dilo.<\/p>\r\n","protected":false},"excerpt":{"rendered":"<p>Izjavljam, da se strinjam s Pogoji poslovanja spletnega mesta. Potrjujem, da sem prebral\/a Pogoje poslovanja in razumem, zakaj ponudnik uporablja moje osebne podatke, ki jih posredujem ponudniku pri uporabi spletne strani. Pri nakupu storitve\/izdelka v spletni trgovini se \u0161teje pogodba med kupcem (vami) in ponudnikom (domena joy4jump.com) sklenjena, ko ponudnik prejme va\u0161e naro\u010dilo.<\/p>\n","protected":false},"author":1,"featured_media":0,"parent":0,"menu_order":0,"comment_status":"closed","ping_status":"closed","template":"","meta":{"inline_featured_image":false,"footnotes":""},"class_list":["post-14976","page","type-page","status-publish","hentry"],"_links":{"self":[{"href":"https:\/\/joy4jump.com\/sl\/wp-json\/wp\/v2\/pages\/14976","targetHints":{"allow":["GET"]}}],"collection":[{"href":"https:\/\/joy4jump.com\/sl\/wp-json\/wp\/v2\/pages"}],"about":[{"href":"https:\/\/joy4jump.com\/sl\/wp-json\/wp\/v2\/types\/page"}],"author":[{"embeddable":true,"href":"https:\/\/joy4jump.com\/sl\/wp-json\/wp\/v2\/users\/1"}],"replies":[{"embeddable":true,"href":"https:\/\/joy4jump.com\/sl\/wp-json\/wp\/v2\/comments?post=14976"}],"version-history":[{"count":4,"href":"https:\/\/joy4jump.com\/sl\/wp-json\/wp\/v2\/pages\/14976\/revisions"}],"predecessor-version":[{"id":14982,"href":"https:\/\/joy4jump.com\/sl\/wp-json\/wp\/v2\/pages\/14976\/revisions\/14982"}],"wp:attachment":[{"href":"https:\/\/joy4jump.com\/sl\/wp-json\/wp\/v2\/media?parent=14976"}],"curies":[{"name":"wp","href":"https:\/\/api.w.org\/{rel}","templated":true}]}}