

{"id":14921,"date":"2022-07-14T09:29:11","date_gmt":"2022-07-14T09:29:11","guid":{"rendered":"https:\/\/joy4jump.com\/privacy-policy\/"},"modified":"2022-09-03T15:12:21","modified_gmt":"2022-09-03T15:12:21","slug":"politika-zasebnosti","status":"publish","type":"page","link":"https:\/\/joy4jump.com\/sl\/politika-zasebnosti\/","title":{"rendered":"Politika zasebnosti"},"content":{"rendered":"<section class=\"wpb-content-wrapper\"><p>[vc_row full_width=&#8221;stretch_row_content_no_spaces&#8221; css=&#8221;.vc_custom_1657789724380{margin-top: -50px !important;}&#8221;][vc_column][vc_single_image image=&#8221;14768&#8243; img_size=&#8221;full&#8221;][\/vc_column][\/vc_row][vc_row full_width=&#8221;stretch_row&#8221; css=&#8221;.vc_custom_1657789775344{padding-top: 50px !important;background-color: #f4f4f4 !important;}&#8221;][vc_column][vc_column_text]<\/p>\n<h4>Politika zasebnosti<\/h4>\n<p>[\/vc_column_text][\/vc_column][\/vc_row][vc_row full_width=&#8221;stretch_row&#8221; css=&#8221;.vc_custom_1657789836780{padding-bottom: 50px !important;background-color: #f4f4f4 !important;}&#8221;][vc_column][vc_toggle title=&#8221;Izjava ponudnika storitev&#8221;]Dobrodo\u0161li pri Joy4Jump.com! Va\u0161o zasebnost jemljemo izjemno resno.<\/p>\n<p>Kot ponudnik uporabljamo ustrezna tehnolo\u0161ka in organizacijska sredstva za za\u0161\u010dito prenosa in shranjevanja osebnih podatkov ter pla\u010dil. Spletna trgovina Joy4Jump.com uporablja pi\u0161kotke, za bolj\u0161o uporabni\u0161ko izku\u0161njo (statistika Google analytics \u2013 anonimno bele\u017eenje statistike, pi\u0161kotek, ki si zapomni, \u010de ste zaprli pojavno okno z opozorilom za pi\u0161kotke, da vas ne moti pri nadaljnem brskanju\u2026).<\/p>\n<p><strong>Varovanje osebnih podatkov<\/strong><\/p>\n<p>Kot ponudnik se zavezujemo k trajnemu varovanju vseh osebnih podatkov uporabnika. Va\u0161e osebne podatke bomo uporabili izklju\u010dno za potrebe izpolnitve naro\u010dila (po\u0161iljanje informativnega gradiva, ponudb, ra\u010dunov) in ostalo potrebno komunikacijo.<\/p>\n<p>Z oddajo svojega e-po\u0161tnega naslova dajete izrecno privolitev, da lahko Joy4Jump.com, vpisane osebne podatke obdeluje z namenom ugotavljanja uporabnikovega interesa za storitve in izdelke.<\/p>\n<p>Uporabnikovi podatki v nobenem primeru ne bodo predani nepoobla\u0161\u010denim osebam. Za varovanje osebnih podatkov je odgovoren tudi uporabnik sam in sicer tako, da poskrbi za varnost svojega uporabni\u0161kega imena in gesla.<\/p>\n<p>Ponudnik varuje osebne podatke obiskovalcev spletne strani, ki mu jih ti posredujejo pri njeni uporabi. Osebne podatke se obdeluje izklju\u010dno za namene, za katere so zbrani in ki jih dovoljuje veljavna zakonodaja.<\/p>\n<p>Ponudnik osebnih podatkov, vklju\u010dno s kontaktnimi informacijami, ne bo uporabljal za nobene druge namene ter jih brez izrecnega vnaprej\u0161njega dovoljenja posameznika, na katerega se osebni podatki nana\u0161ajo, ne bo posredoval tretjim osebam, razen \u010de bi bil k temu zavezan na podlagi veljavne zakonodaje.[\/vc_toggle][vc_toggle title=&#8221;Politika zasebnosti in GDPR pravice obiskovalcev spletne strani&#8221;]<\/p>\n<p style=\"text-align: justify; background: white; margin: 0cm 0cm 15.0pt 0cm;\"><span style=\"font-family: 'Poppins','serif'; color: black; letter-spacing: .2pt;\">Ob obisku spletne strani se nekateri podatki (IP naslov, datum, \u010das, naslov strani, s katere prihajate) shranijo na stre\u017enik. Ti podatki so anonimni in se uporabljajo zgolj za statisti\u010dne obdelave.<\/span><\/p>\n<p style=\"text-align: justify; background: white; margin: 0cm 0cm 15.0pt 0cm;\"><span style=\"font-family: 'Poppins','serif'; color: black; letter-spacing: .2pt;\">Ponudnik izvaja potrebne organizacijske, tehni\u010dne in logi\u010dno-tehni\u010dne postopke in ukrepe, s katerimi varuje osebne podatke, prepre\u010duje nenamerno ali namerno nepoobla\u0161\u010deno uni\u010devanje podatkov, njihovo spremembo ali izgubo ter nepoobla\u0161\u010deno obdelavo.<\/span><\/p>\n<p style=\"text-align: justify; background: white; margin: 0cm 0cm 15.0pt 0cm;\"><span style=\"font-family: 'Poppins','serif'; color: black; letter-spacing: .2pt;\">V skladu s podro\u010dno zakonodajo vas obve\u0161\u010damo, da imate mo\u017enost uveljavitve naslednjih pravic v zvezi z obdelavo va\u0161ih osebnih podatkov:<\/span><\/p>\n<p style=\"text-align: justify; background: white; margin: 0cm 0cm 15.0pt 0cm;\"><span style=\"font-family: 'Poppins','serif'; color: black; letter-spacing: .2pt;\">(i) pravica do dostopa do podatkov,<\/span><\/p>\n<p style=\"margin: 0cm; margin-bottom: .0001pt; text-align: justify; background: white;\"><span style=\"font-family: 'Poppins','serif'; color: black; letter-spacing: .2pt;\">Uporabnik, na katerega se nana\u0161ajo osebni podatki, ima pravico od nas dobiti potrditev, ali se v zvezi z njim obdelujejo osebni podatki, in kadar je temu tako, dostop do osebnih podatkov in dodatnih informacij v zvezi z obdelavo osebnih podatkov. Zahtevo za uveljavitev pravice dostopa do podatkov nam prosimo posredujte na elektronski po\u0161tni naslov <\/span><a href=\"mailto:alenkaskrabec@gmail.com\"><span style=\"font-family: 'Poppins','serif'; letter-spacing: .2pt;\">alenkaskrabec@gmail.com<\/span><\/a><span style=\"font-family: 'Poppins','serif'; color: black; letter-spacing: .2pt;\">.<\/span><\/p>\n<p style=\"margin: 0cm; margin-bottom: .0001pt; text-align: justify; background: white;\"><span style=\"font-family: 'Poppins','serif'; color: black; letter-spacing: .2pt;\">\u00a0<\/span><\/p>\n<p style=\"text-align: justify; background: white; margin: 0cm 0cm 15.0pt 0cm;\"><span style=\"font-family: 'Poppins','serif'; color: black; letter-spacing: .2pt;\">(ii) pravica do popravka,<\/span><\/p>\n<p style=\"margin: 0cm; margin-bottom: .0001pt; text-align: justify; background: white;\"><span style=\"font-family: 'Poppins','serif'; color: black; letter-spacing: .2pt;\">Uporabnik, na katerega se nana\u0161ajo osebni podatki, ima pravico dose\u010di, da organizacija brez nepotrebnega odla\u0161anja popravi neto\u010dne osebne podatke v zvezi z njim. Uporabnik, na katerega se nana\u0161ajo osebni podatki, ima ob upo\u0161tevanju namenov obdelave, pravico do dopolnitve nepopolnih osebnih podatkov. Zahtevo za uveljavitev pravice do popravka nam prosimo posredujte na elektronski po\u0161tni naslov<span class=\"apple-converted-space\">\u00a0<\/span><\/span><a href=\"mailto:alenkaskrabec@gmail.com\"><span style=\"font-family: 'Poppins','serif'; letter-spacing: .2pt;\">alenkaskrabec@gmail.com<\/span><\/a><span style=\"font-family: 'Poppins','serif'; color: black; letter-spacing: .2pt;\">. <\/span><\/p>\n<p style=\"margin: 0cm; margin-bottom: .0001pt; text-align: justify; background: white;\"><span style=\"font-family: 'Poppins','serif'; color: black; letter-spacing: .2pt;\">\u00a0<\/span><\/p>\n<p style=\"margin: 0cm; margin-bottom: .0001pt; text-align: justify; background: white;\"><span style=\"font-family: 'Poppins','serif'; color: black; letter-spacing: .2pt;\">(iii) pravica do izbrisa (\u00bbpravica do pozabe\u00ab),<\/span><\/p>\n<p style=\"margin: 0cm; margin-bottom: .0001pt; text-align: justify; background: white;\"><span style=\"font-family: 'Poppins','serif'; color: black; letter-spacing: .2pt;\">Uporabnik, na katerega se nana\u0161ajo osebni podatki, ima pravico dose\u010di, da organizacija brez nepotrebnega odla\u0161anja izbri\u0161e osebne podatke v zvezi z njim, organizacija pa ima obveznost osebne podatke brez nepotrebnega odla\u0161anja izbrisati, \u010de ne obstaja razlog zaradi katerega brisanje osebnih podatkov ni dovoljeno oz. ima organizacija pravni interes, da podatke dolo\u010den \u010das \u0161e vedno hrani (npr. zakonska zahteva za hrambo dolo\u010denih podatkov uporabnika, dokazovanje izpolnitve pogodbene obveznosti organizacije do uporabnika). Zahtevo za uveljavitev pravice do izbrisa nam prosimo posredujte na elektronski po\u0161tni naslov <\/span><a href=\"mailto:alenkaskrabec@gmail.com\"><span style=\"font-family: 'Poppins','serif'; letter-spacing: .2pt;\">alenkaskrabec@gmail.com<\/span><\/a><span style=\"font-family: 'Poppins','serif'; color: black; letter-spacing: .2pt;\">.<\/span><\/p>\n<p style=\"margin: 0cm; margin-bottom: .0001pt; text-align: justify; background: white;\"><span style=\"font-family: 'Poppins','serif'; color: black; letter-spacing: .2pt;\">\u00a0<\/span><\/p>\n<p style=\"text-align: justify; background: white; margin: 0cm 0cm 15.0pt 0cm;\"><span style=\"font-family: 'Poppins','serif'; color: black; letter-spacing: .2pt;\">(iv) pravica do omejitve obdelave,<\/span><\/p>\n<p style=\"margin: 0cm; margin-bottom: .0001pt; text-align: justify; background: white;\"><span style=\"font-family: 'Poppins','serif'; color: black; letter-spacing: .2pt;\">Uporabnik, na katerega se nana\u0161ajo osebni podatki, ima pravico dose\u010di, da organizacija omeji obdelavo njegovih osebnih podatkov v skladu s predpisanimi nameni obdelave. Zahtevo za omejitev obdelave nam prosimo posredujte na elektronski po\u0161tni naslov<span class=\"apple-converted-space\">\u00a0<\/span><\/span><a href=\"mailto:alenkaskrabec@gmail.com\"><span style=\"font-family: 'Poppins','serif'; letter-spacing: .2pt;\">alenkaskrabec@gmail.com<\/span><\/a><span style=\"font-family: 'Poppins','serif'; color: black; letter-spacing: .2pt;\">.<\/span><\/p>\n<p style=\"margin: 0cm; margin-bottom: .0001pt; text-align: justify; background: white;\"><span style=\"font-family: 'Poppins','serif'; color: black; letter-spacing: .2pt;\">\u00a0<\/span><\/p>\n<p style=\"text-align: justify; background: white; margin: 0cm 0cm 15.0pt 0cm;\"><span style=\"font-family: 'Poppins','serif'; color: black; letter-spacing: .2pt;\">(v) pravica do prenosljivosti podatkov,<\/span><\/p>\n<p style=\"margin: 0cm; margin-bottom: .0001pt; text-align: justify; background: white;\"><span style=\"font-family: 'Poppins','serif'; color: black; letter-spacing: .2pt;\">Uporabnik, na katerega se nana\u0161ajo osebni podatki, ima pravico, da prejme osebne podatke v zvezi z njim, ki jih poseduje organizacija, v strukturirani, splo\u0161no uporabljeni in strojno berljivi obliki, in pravico, da te podatke posreduje drugemu upravljavcu, ne da bi ga upravljavec, ki so mu bili osebni podatki zagotovljeni, pri tem oviral, kadar obdelava temelji na privolitvi uporabnika. Zahtevo za uveljavitev pravice do prenosljivosti podatkov nam prosimo posredujte na elektronski po\u0161tni naslov <\/span><a href=\"mailto:alenkaskrabec@gmail.com\"><span style=\"font-family: 'Poppins','serif'; letter-spacing: .2pt;\">alenkaskrabec@gmail.com<\/span><\/a><span style=\"font-family: 'Poppins','serif'; color: black; letter-spacing: .2pt;\">.<\/span><\/p>\n<p style=\"margin: 0cm; margin-bottom: .0001pt; text-align: justify; background: white;\"><span style=\"font-family: 'Poppins','serif'; color: black; letter-spacing: .2pt;\">\u00a0<\/span><\/p>\n<p style=\"text-align: justify; background: white; margin: 0cm 0cm 15.0pt 0cm;\"><span style=\"font-family: 'Poppins','serif'; color: black; letter-spacing: .2pt;\">(vi) pravica do ugovora<\/span><\/p>\n<p style=\"text-align: justify; background: white; margin: 0cm 0cm 15.0pt 0cm;\"><span style=\"font-family: 'Poppins','serif'; color: black; letter-spacing: .2pt;\">Uporabnik, na katerega se nana\u0161ajo osebni podatki, ima, na podlagi razlogov povezanih z njegovim polo\u017eajem, pravico, da kadarkoli ugovarja obdelavi njegovih osebnih podatkov, ki temelji na obdelavi potrebni zaradi zakonitih interesov, za katere si prizadeva organizacija ali tretja oseba, razen kadar nad takimi interesi prevladajo interesi ali temeljne pravice in svobo\u0161\u010dine uporabnika, na katerega se nana\u0161ajo osebni podatki, vklju\u010dno z oblikovanjem profilov na podlagi teh dolo\u010db. Organizacija v tem primeru preneha obdelovati osebne podatke, razen \u010de doka\u017ee nujne legitimne razloge za obdelavo, ki prevladajo nad interesi, pravicami in svobo\u0161\u010dinami uporabnika, na katerega se nana\u0161ajo osebni podatki ali za uveljavljanje, izvajanje ali obrambo pravnih zahtevkov.<\/span><\/p>\n<p style=\"text-align: justify; background: white; margin: 0cm 0cm 15.0pt 0cm;\"><span style=\"font-family: 'Poppins','serif'; color: black; letter-spacing: .2pt;\">(vii) pravica do vlo\u017eitve prito\u017ebe v zvezi z obdelovanjem osebnih podatkov<\/span><\/p>\n<p style=\"margin: 0cm; margin-bottom: .0001pt; text-align: justify; background: white;\"><span style=\"font-family: 'Poppins','serif'; color: black; letter-spacing: .2pt;\">Uporabnik, na katerega se nana\u0161ajo osebni podatki, ima pravico podati prito\u017ebo v zvezi z obdelovanjem osebnih podatkov. Prito\u017ebo v zvezi z obdelovanjem osebnih podatkov nam prosimo posredujte na elektronski po\u0161tni naslov <\/span><a href=\"mailto:alenkaskrabec@gmail.com\"><span style=\"font-family: 'Poppins','serif'; letter-spacing: .2pt;\">alenkaskrabec@gmail.com<\/span><\/a><span style=\"font-family: 'Poppins','serif'; color: black; letter-spacing: .2pt;\"> ali s priporo\u010deno po\u0161to na na\u0161 naslov.<\/span><\/p>\n<p style=\"margin: 0cm; margin-bottom: .0001pt; text-align: justify; background: white;\"><span style=\"font-family: 'Poppins','serif'; color: black; letter-spacing: .2pt;\">\u00a0<\/span><\/p>\n<p style=\"text-align: justify; background: white; margin: 0cm 0cm 15.0pt 0cm;\"><span style=\"font-family: 'Poppins','serif'; color: black; letter-spacing: .2pt;\">Prav tako ima vsak uporabnik, na katerega se nana\u0161ajo osebni podatki, pravico, da vlo\u017ei prito\u017ebo pri Informacijskem poobla\u0161\u010dencu, \u010de meni, da obdelava osebnih podatkov v zvezi z njim kr\u0161i dolo\u010dila na podro\u010dju varstva osebnih podatkov<\/span><\/p>\n<p>[\/vc_toggle][vc_toggle title=&#8221;Uporaba pi\u0161kotkov&#8221;]Politiko pi\u0161kotkov<\/p>\n<p>&nbsp;<\/p>\n<p>Ta politika opisuje, kako Joy4Jump.com uporablja &#8220;pi\u0161kotke&#8221; in druge podobne tehnologije v povezavi z na\u0161im spletnim mestom in storitvami.<\/p>\n<p>&nbsp;<\/p>\n<ol>\n<li>Kaj je pi\u0161kotek?<\/li>\n<\/ol>\n<p>Pi\u0161kotki so majhne besedilne datoteke, ki so shranjene v imeniku brskalnika ra\u010dunalnika. Ponudnikom spletnih mest pomagajo pri razumevanju, kako ljudje uporabljajo spletno mesto, pomnjenju uporabnikovih podatkov za prijavo in shranjevanju nastavitev spletnega mesta.<\/p>\n<p>&nbsp;<\/p>\n<ol start=\"2\">\n<li>Ali Joy4Jump.com uporablja pi\u0161kotke?<\/li>\n<\/ol>\n<p>Da. Pi\u0161kotke uporabljamo v skladu z na\u0161o politiko zasebnosti z namenom:<\/p>\n<ul>\n<li>zagotoviti pravilno delovanje na\u0161ih storitev,<\/li>\n<li>odkrivati in prepre\u010devati goljufije,<\/li>\n<li>razumeti, kako obiskovalci uporabljajo in sodelujejo z na\u0161im spletnim mestom in<\/li>\n<li>analizirati in izbolj\u0161ati storitve.<\/li>\n<\/ul>\n<p>&nbsp;<\/p>\n<ol start=\"3\">\n<li>Kateri pi\u0161kotki bodo uporabljeni, ko uporabljam spletno mesto Joy4Jump.com?<\/li>\n<\/ol>\n<ul>\n<li>Lastni pi\u0161kotki: te pi\u0161kotke postavi in \u200b\u200bprebere Joy4Jump.com neposredno, ko uporabljate na\u0161e storitve,<\/li>\n<li>Pi\u0161kotki tretjih oseb: teh pi\u0161kotkov ne nastavi Joy4Jump.com, ampak druga podjetja, kot npr. Google, za namene analitike spletnega mesta.<\/li>\n<\/ul>\n<p>&nbsp;<\/p>\n<ol start=\"4\">\n<li>Kako Joy4Jump.com uporablja pi\u0161kotke<\/li>\n<\/ol>\n<p>Pi\u0161kotki imajo pomembno vlogo pri zagotavljanju u\u010dinkovitih in varnih storitev. Spodaj je seznam pogosto uporabljenih pi\u0161kotkov.<\/p>\n<p>&nbsp;<\/p>\n<p>Nujni pi\u0161kotki<\/p>\n<p>Nekateri pi\u0161kotki so bistveni za delovanje na\u0161ega spletnega mesta in storitev ter ga naredijo uporabnega in varnega, saj omogo\u010dajo osnovne funkcije, kot sta navigacija po straneh in dostop do varnih obmo\u010dij spletnega mesta. Te pi\u0161kotke uporabljamo zato da:<\/p>\n<ul>\n<li>si zapomnimo va\u0161o prijavo, da se vam ni treba ponovno prijavljati med brskanjem po na\u0161em spletnem mestu in nadzorni plo\u0161\u010di.<\/li>\n<li>Prepre\u010dujemo in odkrivamo goljufije. Pi\u0161kotki in podobne tehnologije, ki jih uporabljamo prek na\u0161ega spletnega mesta, nam pomagajo izvedeti podatke o ra\u010dunalnikih in spletnih brskalnikih, ki se uporabljajo za dostop do storitev. Te informacije nam pomagajo spremljati in odkrivati \u200b\u200bmorebitno \u0161kodljivo ali nezakonito uporabo na\u0161ih storitev. Na primer, za obdelavo pla\u010dilnih transakcij za na\u0161e uporabnike mora Stripe zbirati podatke o transakciji in stranki. Da bi za\u0161\u010ditili transakcije in zmanj\u0161ali mo\u017enost goljufij, Stripe (na\u0161 ponudnik varnega pla\u010dila) zbira dodatne informacije z uporabo pi\u0161kotkov in drugih tehnologij, da pomaga prepoznati slabe akterje in jim prepre\u010di goljufive transakcije.<\/li>\n<li>za\u0161\u010ditimo uporabni\u0161ke podatkov pred nepoobla\u0161\u010denim dostopom.<\/li>\n<\/ul>\n<p>&nbsp;<\/p>\n<p>Prednostni pi\u0161kotki<\/p>\n<p>Prednostne pi\u0161kotke uporablja Joy4Jump.com, da si zapomni va\u0161e nastavitve in vas prepozna, ko se vrnete na na\u0161e spletno mesto.<\/p>\n<p>&nbsp;<\/p>\n<p>Analiti\u010dni pi\u0161kotki<\/p>\n<p>Analiti\u010dni pi\u0161kotki nam pomagajo razumeti, kako obiskovalci uporabljajo na\u0161e storitve.<\/p>\n<ul>\n<li>Funkcije in storitve spletnega mesta &#8211; da vam ne bo treba vedno znova konfigurirati nastavitev, ko se boste prijavili v svoj ra\u010dun.<\/li>\n<li>Analiza in izbolj\u0161anje na\u0161ih storitev. Pi\u0161kotki nam pomagajo razumeti, kako ljudje prihajajo na na\u0161e spletno mesto.<\/li>\n<li>Analitika tretjih oseb. Prek Google Analytics &#8211; za zbiranje in analizo informacij o uporabi storitev ter poro\u010danje o dejavnostih in trendih. Ve\u010d o Googlovih praksah lahko izveste na Googlovem spletnem mestu.<\/li>\n<li>Mi in na\u0161i ponudniki storitev bomo uporabljali pi\u0161kotke in podobne tehnologije na Joy4Jump.com za usmerjanje oglasov Joy4Jump.com k vam prek ciljanih oglasov za izdelke Joy4Jump.com na drugih spletnih mestih, ki jih obi\u0161\u010dete, in za merjenje va\u0161ega sodelovanja s temi oglasi (kot sta npr. Facebook in Instagram).<\/li>\n<\/ul>\n<p>&nbsp;<\/p>\n<ol start=\"5\">\n<li>Ali lahko pi\u0161kotke onemogo\u010dim?<\/li>\n<\/ol>\n<p>Da, z izjemo tistih pi\u0161kotkov, ki so potrebni za zagotavljanje na\u0161ih storitev. Va\u0161 spletni brskalnik vam omogo\u010da upravljanje va\u0161ih nastavitev pi\u0161kotkov, vklju\u010dno z brisanjem in onemogo\u010danjem pi\u0161kotkov Joy4Jump.com.[\/vc_toggle][\/vc_column][\/vc_row]<\/p>\n<\/section>","protected":false},"excerpt":{"rendered":"<p>[vc_row full_width=&#8221;stretch_row_content_no_spaces&#8221; css=&#8221;.vc_custom_1657789724380{margin-top: -50px !important;}&#8221;][vc_column][vc_single_image image=&#8221;14768&#8243; img_size=&#8221;full&#8221;][\/vc_column][\/vc_row][vc_row full_width=&#8221;stretch_row&#8221; css=&#8221;.vc_custom_1657789775344{padding-top: 50px !important;background-color: #f4f4f4 !important;}&#8221;][vc_column][vc_column_text] Politika zasebnosti [\/vc_column_text][\/vc_column][\/vc_row][vc_row full_width=&#8221;stretch_row&#8221; css=&#8221;.vc_custom_1657789836780{padding-bottom: 50px !important;background-color: #f4f4f4 !important;}&#8221;][vc_column][vc_toggle title=&#8221;Izjava ponudnika storitev&#8221;]Dobrodo\u0161li pri Joy4Jump.com! Va\u0161o zasebnost jemljemo izjemno resno. Kot ponudnik uporabljamo ustrezna tehnolo\u0161ka in organizacijska sredstva za za\u0161\u010dito prenosa in shranjevanja osebnih podatkov ter pla\u010dil. Spletna trgovina Joy4Jump.com uporablja pi\u0161kotke, za [&hellip;]<\/p>\n","protected":false},"author":1,"featured_media":0,"parent":0,"menu_order":0,"comment_status":"closed","ping_status":"closed","template":"","meta":{"inline_featured_image":false,"footnotes":""},"class_list":["post-14921","page","type-page","status-publish","hentry"],"_links":{"self":[{"href":"https:\/\/joy4jump.com\/sl\/wp-json\/wp\/v2\/pages\/14921","targetHints":{"allow":["GET"]}}],"collection":[{"href":"https:\/\/joy4jump.com\/sl\/wp-json\/wp\/v2\/pages"}],"about":[{"href":"https:\/\/joy4jump.com\/sl\/wp-json\/wp\/v2\/types\/page"}],"author":[{"embeddable":true,"href":"https:\/\/joy4jump.com\/sl\/wp-json\/wp\/v2\/users\/1"}],"replies":[{"embeddable":true,"href":"https:\/\/joy4jump.com\/sl\/wp-json\/wp\/v2\/comments?post=14921"}],"version-history":[{"count":5,"href":"https:\/\/joy4jump.com\/sl\/wp-json\/wp\/v2\/pages\/14921\/revisions"}],"predecessor-version":[{"id":14975,"href":"https:\/\/joy4jump.com\/sl\/wp-json\/wp\/v2\/pages\/14921\/revisions\/14975"}],"wp:attachment":[{"href":"https:\/\/joy4jump.com\/sl\/wp-json\/wp\/v2\/media?parent=14921"}],"curies":[{"name":"wp","href":"https:\/\/api.w.org\/{rel}","templated":true}]}}