

{"id":14918,"date":"2022-07-14T09:21:35","date_gmt":"2022-07-14T09:21:35","guid":{"rendered":"https:\/\/joy4jump.com\/terms-and-conditions\/"},"modified":"2022-09-04T14:05:20","modified_gmt":"2022-09-04T14:05:20","slug":"pogoji-poslovanja","status":"publish","type":"page","link":"https:\/\/joy4jump.com\/sl\/pogoji-poslovanja\/","title":{"rendered":"Pogoji poslovanja"},"content":{"rendered":"<section class=\"wpb-content-wrapper\"><p>[vc_row full_width=&#8221;stretch_row_content_no_spaces&#8221; css=&#8221;.vc_custom_1657789724380{margin-top: -50px !important;}&#8221;][vc_column][vc_single_image image=&#8221;14768&#8243; img_size=&#8221;full&#8221;][\/vc_column][\/vc_row][vc_row full_width=&#8221;stretch_row&#8221; css=&#8221;.vc_custom_1657789775344{padding-top: 50px !important;background-color: #f4f4f4 !important;}&#8221;][vc_column][vc_column_text]<\/p>\n<h4>Pogoji poslovanja<\/h4>\n<p>[\/vc_column_text][\/vc_column][\/vc_row][vc_row full_width=&#8221;stretch_row&#8221; css=&#8221;.vc_custom_1657789836780{padding-bottom: 50px !important;background-color: #f4f4f4 !important;}&#8221;][vc_column][vc_toggle title=&#8221;Splo\u0161ni pogoji&#8221;]Namen Splo\u0161nih pogojev poslovanja spletne trgovine Joy4Jump.com je jasno definirati pravice in obveznosti uporabnikov (v nadaljevanju tudi\u00a0<em>\u00bbkupci\u00ab<\/em>\u00a0in\u00a0<em>\u00bbpotro\u0161niki\u00ab<\/em>) spletne trgovine Joy4Jump.com (v nadaljevanju\u00a0<em>\u00bbspletna trgovina\u00ab in \u00bbponudnik\u00ab<\/em>) pri uporabi spletne strani, naro\u010danju, nakupu in prodaji blaga, ki je na voljo v spletni trgovini ter poslovni odnos med ponudnikom in uporabnikom. Kot kupec se razume vsaka fizi\u010dna oseba, ki je potro\u0161nik in je opravila nakup na spletni strani\u00a0<a href=\"https:\/\/joy4jump.com\/\">https:\/\/Joy4Jump.com<\/a>.<\/p>\n<p>V skladu z dolo\u010dbami zakona, ki ureja pravice potro\u0161nikov pri ponujanju, prodajanju in drugih oblikah tr\u017eenja blaga in storitev s strani podjetij, je potro\u0161nik fizi\u010dna oseba, ki pridobiva ali uporablja blago in storitve za namene izven njegove poklicne ali pridobitne dejavnosti. Pogoji poslovanja obravnavajo delovanje ponudnika spletne trgovine, pravice uporabnika\/kupca ter poslovni odnos med ponudnikom in kupcem. Navedeni pogoji poslovanja urejajo prodajo blaga\/storitev, ki je na voljo v spletni trgovini. Nakup opravljen prek spletne trgovine, se \u0161teje za nakup, opravljen skladno s predpisi, veljavnimi v Republiki Sloveniji.<\/p>\n<p>Zaradi narave poslovanja prek svetovnega spleta se ponudba v spletni trgovini a\u017eurira ter se pogosto in hitro spreminja. Ponudnik si prizadeva zagotoviti dovolj jasne in dovolj temeljite informacije za predstavitev osnovnih zna\u010dilnosti prodajanih artiklov\/storitev.[\/vc_toggle][vc_toggle title=&#8221;Soglasje obiskovalca spletne trgovine&#8221;]Uporabo spletne trgovine (brskanje, odpiranje povezav, branje vsebine in podobno) \u0161tejemo kot soglasje obiskovalca spletne spletne, da se strinja s temi splo\u0161nimi pogoji uporabe. V kolikor se kot obiskovalec spletne trgovine ne strinjate s temi splo\u0161nimi pogoji, vas prosimo, da spletne trgovine ne uporabljate.<\/p>\n<p>Pridru\u017eujemo si pravico, da te splo\u0161ne pogoje kadarkoli in brez predhodne najave spremenimo tako, da novo razli\u010dico objavimo na spletu.<\/p>\n<p>Ti splo\u0161ni pogoji veljajo za celotno spletno trgovino in vse njene posamezne dele, kot so razdelki in podstrani, v kolikor za posamezen del izrecno ni dolo\u010deno druga\u010de.[\/vc_toggle][vc_toggle title=&#8221;Pravice uporabnika spletne trgovine&#8221;]Uporabnik lahko kadar koli zahteva potrditev, ali ponudnik obdeluje njegove osebne podatke, in seznanitev s temi osebnimi podatki, ima pravico, da te osebne podatke prejme, in pravico, da jih posreduje drugemu upravljavcu. Uporabnik lahko zahteva omejitev obdelave osebnih podatkov, ugovarja obdelavi osebnih podatkov in avtomatiziranemu sprejemanju posameznih odlo\u010ditev, vklju\u010dno z oblikovanjem profilov, prekli\u010de dana soglasja za obdelave osebnih podatkov, ki so posredovana na podlagi soglasja, zahteva popravke oz. dopolnitve ali izbris osebnih podatkov. Vse navedene pravice lahko uveljavlja pod pogoji in v obsegu iz 15. do 22. \u010dlena Splo\u0161ne uredbe o varstvu podatkov.<\/p>\n<p>Ne glede na uveljavitev pravice do izbrisa iz prej\u0161njega odstavka, se bodo osebni podatki mogo\u010de obdelovali v okviru morebitnih drugih pravnih podlag, \u010de za obdelavo skladno s 6. \u010dlenom Splo\u0161ne uredbe o varstvu podatkov obstaja druga pravna podlaga.[\/vc_toggle][vc_toggle title=&#8221;Podatki o ponudniku&#8221;]Numerolo\u0161ko in drugo svetovanje, Alenka \u0160krabec s.p.<\/p>\n<p>Pre\u010dna pot 1, Dragomer<\/p>\n<p>1351 Brezovica pri Ljubljani<\/p>\n<p>Dav\u010dna \u0161tevilka:\u00a027586120<\/p>\n<p>Mati\u010dna \u0161tevilka:\u00a06491162000<\/p>\n<p>TRR: SI56 6100 0000 6296 229[\/vc_toggle][vc_toggle title=&#8221;Kontakt in komunikacija&#8221;]\u010ce imate glede na\u0161e ponudbe ali uporabe spletne trgovine, dodatna vpra\u0161anja ali samo potrebujete ve\u010d informacij, nas lahko kontaktirate:<\/p>\n<p>Elektronski naslov:\u00a0\u00a0<a href=\"mailto:alenkaskrabec@gmail.com\">alenkaskrabec@gmail.com<\/a><\/p>\n<h4><strong>Komunikacija<\/strong><\/h4>\n<p>Z uporabnikom bomo stopili v stik preko sredstev za komunikacijo na daljavo le, \u010de temu uporabnik izrecno ne nasprotuje.<\/p>\n<p>Oglasna elektronska sporo\u010dila bodo vsebovala naslednje sestavine:<\/p>\n<ul>\n<li>jasno in nedvoumno bodo ozna\u010dena kot oglasna sporo\u010dila;<\/li>\n<li>po\u0161iljatelj bo jasno razviden; razli\u010dne akcije, promocije in druge tr\u017ene tehnike, bodo ozna\u010dene kot tak\u0161ne. Prav tako bodo jasno dolo\u010deni pogoji udele\u017ebe v njih;<\/li>\n<li>jasno bo predstavljen na\u010din odjave od prejemanja oglasnih sporo\u010dil;<\/li>\n<li>\u017eeljo uporabnika, da ne \u017eeli prejemati oglasnih sporo\u010dil, bo ponudnik izrecno spo\u0161toval.<\/li>\n<\/ul>\n<p>[\/vc_toggle][vc_toggle title=&#8221;Ponudba&#8221;]Ponudba v spletni trgovini zajema dostop do video vsebin. Ponudnik si pridr\u017euje pravico do zavrnitve naro\u010dila, \u010de je v pravnem sporu s ponudnikom v povezavi z nakupom prek spletne trgovine, ob preteklih zlorabah sistema spletne trgovine ali pretekli zlorabi pravic skladno s 43.\u010d \u010dlenom Zakona o varstvu potro\u0161nikov.[\/vc_toggle][vc_toggle title=&#8221;Cene&#8221;]Vse cene v spletni trgovini so v evrih in ne vsebujejo DDV, ker ponudnik ni dav\u010dni zavezanec v skladu z 1. odstavkom 94. \u010dlena ZDDV-1. Ponudnik si pridr\u017euje pravico do dnevnih sprememb cen asortimana brez predhodnega obvestila.<\/p>\n<p>Cene veljajo v trenutku oddaje naro\u010dila oziroma veljajo tiste cene, ki so bile veljavne v \u010dasu, ko je oddano naro\u010dilo prejel informacijski sistem ponudnika. Popust pri posameznem artiklu in kode za popust se ne se\u0161tevajo. Pogodba o nakupu med ponudnikom in kupcem je sklenjena v trenutku, ko ponudnik potrdi naro\u010dilo oz. kupec prejme elektronsko sporo\u010dilo\u00a0<em>\u00bbPotrditev naro\u010dila\u00ab<\/em>. Od tega trenutka naprej so vse cene in drugi pogoji fiksirani ter veljajo za ponudnika in kupca. Slike v spletni trgovini so simboli\u010dne.[\/vc_toggle][vc_toggle title=&#8221;Postopek nakupa&#8221;]Naro\u010danje v spletni trgovini poteka v slovenskem jeziku prek spleta 24 ur dnevno in 7 dni v tednu. Artikle\/storitve lahko izbirate in naro\u010date s seznama artiklov v spletni trgovini.<\/p>\n<p>Postopek nakupa je preprost in ga opravite v \u0161estih glavnih korakih na zaslonih:<\/p>\n<ol>\n<li><strong>Izbira produkta<\/strong><\/li>\n<li><strong>Vnos zahtevanih podatkov\u00a0<\/strong>potrebnih za udele\u017ebo na te\u010daju (ime, priimek, ime psa, starost psa, elektronski naslov in facebook uporabni\u0161ko ime)<\/li>\n<li><strong>Vnos morebitnih kod za popust<\/strong>\u00a0\u2013 Kode za popust vam prina\u0161ajo razli\u010dne ugodnosti pri nakupu in so \u010dasovno omejene. (Navodila za uporabo: Izberite produkt, ki ga \u017eelite kupiti. Nad polji za vnos zahtevanih podatkov izberite\u00a0<em>\u00bbKoda za popust\u00ab,<\/em>\u00a0kamorvnesete veljavno kodo in pritisnite gumb\u00a0<em>\u00bbUporabi\u00ab).<\/em><\/li>\n<li><strong>Izbira pla\u010dila<\/strong>\u00a0(kreditna kartica, paypal in pla\u010dilo na tranakcijski ra\u010dun)<\/li>\n<li><strong>Sprejem pogojev poslovanja<\/strong><\/li>\n<li><strong>Zaklju\u010dek nakupa<\/strong>\u00a0\u2013 s klikom na gumb\u00a0<em>\u00bbpla\u010daj zdaj\u00ab<\/em>ali\u00a0<em>\u00bboddaj naro\u010dilo\u00ab<\/em> zaklju\u010dite postopek nakupa. Po zaklju\u010denem naro\u010dilu na spletni strani boste prejeli elektronsko sporo\u010dilo z vsemi podatki o va\u0161em naro\u010dilu in dostavi po\u0161iljke.<\/li>\n<\/ol>\n<p>[\/vc_toggle][vc_toggle title=&#8221;Potrditev nakupa&#8221;]Pogodba o nakupu med ponudnikom in kupcem je sklenjena v trenutku, ko ponudnik potrdi naro\u010dilo (kupec prejme elektronsko sporo\u010dilo\u00a0<em>\u00bbPotrditev naro\u010dila\u00ab<\/em>). Od tega trenutka naprej so vse cene in drugi pogoji fiksirani in veljajo za ponudnika in kupca.[\/vc_toggle][vc_toggle title=&#8221;Pravica potro\u0161nika do odstopa od pogodbe&#8221;]Odstop od pogodbe pri nakupu programov natan\u010dneje dolo\u010da 43.\u010d \u010dlen Zakona o varstvu potro\u0161nikov.<\/p>\n<p>Razen, \u010de sta se pogodbeni stranki dogovorili druga\u010de, potro\u0161nik nima pravice do odstopa od pogodbe iz prvega odstavka tega \u010dlena pri pogodbah o dobavi avdio ali video posnetkov ali ra\u010dunalni\u0161kih programov, \u010de je potro\u0161nik odprl varnostni pe\u010dat. Kar pomeni, da v kolikor je potro\u0161nik \u017ee dostopal do vsebin (v kolikor se je potro\u0161nik s svojim uporabni\u0161kim imenom in geslom \u017ee vpisal na spletni strani) odstop od pogodbe ni mo\u017een.[\/vc_toggle][vc_toggle title=&#8221;Prito\u017ebe in spori&#8221;]Pogodba o nakupu med ponudnikom in kupcem je sklenjena v trenutku, ko ponudnik potrdi naro\u010dilo (kupec prejme elektronsko sporo\u010dilo\u00a0<em>\u00bbPotrditev naro\u010dila\u00ab<\/em>). Od tega trenutka naprej so vse cene in drugi pogoji fiksirani in veljajo za ponudnika in kupca.<\/p>\n<p><strong>Prito\u017ebe in spori<\/strong><\/p>\n<p>Ponudnik spo\u0161tuje veljavno zakonodajo o varstvu potro\u0161nikov. Ponudnik je dol\u017ean vzpostaviti u\u010dinkovit sistem obravnavanja prito\u017eb. Kupec se lahko v primeru te\u017eav obrne na ponudnika prek elektronske po\u0161te ali telefona.<\/p>\n<p>Postopek za oddajo prito\u017eb je mo\u017een preko elektronske po\u0161te\u00a0ali pisno na naslov ponudnika. Ponudnik se zavezuje, da se bo v roku osmih delovnih dni odzval na prito\u017ebo s predlogom poteka nadaljnje obravnave prito\u017ebe.<\/p>\n<p>Ponudnik se zavezuje, da se bo po svojih najbolj\u0161ih mo\u010deh potrudil, da se morebitni spori re\u0161ijo sporazumno.[\/vc_toggle][vc_toggle title=&#8221;Zunajsodno re\u0161evanje potro\u0161ni\u0161kega spora&#8221;]Ponudnik za razmerje, izhajajo\u010d iz teh splo\u0161nih pogojev, ne priznava izvajalcev zunajsodnega re\u0161evanja potro\u0161ni\u0161kih sporov kot pristojnih za re\u0161evanje potro\u0161ni\u0161kega spora, ki bi ga potro\u0161nik lahko spro\u017eil skladno z zakonodajo s podro\u010dja zunajsodnega re\u0161evanja potro\u0161ni\u0161kih sporov.<\/p>\n<p>Spo\u0161tujemo veljavno zakonodajo o varstvu potro\u0161nikov. Po vseh mo\u010deh se bomo trudili izpolnjevati na\u0161o dol\u017enost in vzpostaviti u\u010dinkovit sistem obravnavanja prito\u017eb.<\/p>\n<p>V petih delovnih dneh bomo potrdili, da smo prejeli prito\u017ebo ter vam sporo\u010dili, kako dolgo jo bomo obravnavali in vas vseskozi obve\u0161\u010dali o poteku postopka.<\/p>\n<p>Zavedamo se, da je bistvena zna\u010dilnost potro\u0161ni\u0161kega spora, vsaj kar zadeva sodno re\u0161evanje, njegova nesorazmernost med ekonomsko vrednostjo zahtevka in stro\u0161ki, ki nastanejo pri re\u0161evanju samega spora. To je tudi glavna ovira, da potro\u0161nik ne spro\u017ei spora pred sodi\u0161\u010dem. Zato si bo ponudnik prizadeval po svojih najbolj\u0161ih mo\u010deh, da se bofo morebitni spori re\u0161ili sporazumno.[\/vc_toggle][vc_toggle title=&#8221;Varovanje osebnih podatkov prejetih za potrebe poslovanja spletne trgovine&#8221;]Ponudnik obdeluje osebne podatke, ki jih prodobi za potrebe realizacije naro\u010dila skladno z Uredbo (EU) 2016\/679 Evropskega parlamenta in Sveta z dne 27. aprila 2016 o varstvu posameznikov pri obdelavi osebnih podatkov in prostem pretoku takih podatkov ter o razveljavitvi Direktive 95\/46\/ES (v nadaljevanju: Splo\u0161na uredba o varstvu podatkov) in nacionalnimi predpisi o varstvu osebnih podatkov. Ve\u010d informacij v zvezi s tem je navedeno v Izjavi o varstvu osebnih podatkov.<\/p>\n<p>Kupec spletne trgovine\u00a0lahko kadar koli zahteva potrditev, ali ponudnik obdeluje njegove osebne podatke, in seznanitev s temi osebnimi podatki, ima pravico, da te osebne podatke prejme, in pravico, da jih posreduje drugemu upravljavcu. Uporabnik lahko zahteva omejitev obdelave osebnih podatkov, ugovarja obdelavi osebnih podatkov in avtomatiziranemu sprejemanju posameznih odlo\u010ditev, vklju\u010dno z oblikovanjem profilov, prekli\u010de dana soglasja za obdelave osebnih podatkov, ki so posredovana na podlagi soglasja, zahteva popravke oz. dopolnitve ali izbris osebnih podatkov. Vse navedene pravice lahko uveljavlja pod pogoji in v obsegu iz 15. do 22. \u010dlena Splo\u0161ne uredbe o varstvu podatkov.<\/p>\n<p>Ne glede na uveljavitev pravice do izbrisa iz prej\u0161njega odstavka, se bodo osebni podatki mogo\u010de obdelovali v okviru morebitnih drugih pravnih podlag, \u010de za obdelavo skladno s 6. \u010dlenom Splo\u0161ne uredbe o varstvu podatkov obstaja druga pravna podlaga.<\/p>\n<p>Upravljalec bo ob uveljavljanju uporabnikovih pravic glede ugovora obdelave podatkov, preklica soglasja, zahteve po omejitvi obdelave ali izbrisu osebnih podatkov, ki imajo za posledico prepre\u010devanje obve\u0161\u010danja uporabnika, prepre\u010dil obve\u0161\u010danje najpozneje v 15 dneh od prejema ugovora oziroma spremembe nastavitev uporabnika. \u010ce je bila kampanja za obve\u0161\u010danje pripravljena pred obdelavo ugovora oziroma spremembe nastavitev, pa obstaja mo\u017enost, da bo uporabnik kljub temu prejel \u0161e zadnje obvestilo. Uveljavljanje preostalih pravic bo upravljalec zagotavljal v rokih, zahtevanih z veljavno zakonodajo s podro\u010dja varstva osebnih podatkov.<\/p>\n<p>Ponudnik obdeluje osebne podatke za objavo na spletnih mestih ponudnika, spletni trgovini, za objavo na dru\u017ebenih omre\u017ejih (Facebook, Instagram, Youtube); na promocijskih materialih ponudnika ter za namene promocije in marketinga ponudnika. Dostop do osebnih podatkov imajo le zaposleni in partnerska podjetja. Podatke lahko uporabljajo le v obsegu, ki ga predvidevajo splo\u0161ni pogoji in nikoli v osebno \u0161kodo ali \u017ealitev podpisane osebe.<\/p>\n<p>Kadar koli lahko od ponudnika zahtevate:<\/p>\n<p>\u2013 izpis svojih osebnih podatkov, ki jih ponudnik uporablja,<\/p>\n<p>\u2013 popravke in dopolnitve osebnih podatkov v obsegu, ki ga predvidevajo splo\u0161ni pogoji,<\/p>\n<p>\u2013 posredovanje poro\u010dila za katere namene, kdaj in katere osebne podatke je ponudnik uporabljal,.<\/p>\n<p>\u2013 vpogled, prepis, kopiranje in potrdilo lahko zahtevate skladno z 31. \u010dlenom ZVOP1-1,<\/p>\n<p>\u2013 izbris vseh svojih podatkov.<\/p>\n<p>Obdelava in varna uporaba va\u0161ih osebnih podatkov se vr\u0161i v skladu z Uredbo GDPR, Zakonom o varstvu osebnih podatkov ZVOP-1 in Uredbo (EU) 2016\/679. Ponudnik, ki je upravljavec va\u0161ih osebnih podatkov izjavlja, da nosi popolno odgovornost za zakonito obdelavo. Izjavljamo, da va\u0161ih osebnih podatkov ne bomo uporabljali izven procesov dogovorjenih znotraj splo\u0161nih pogojev. V kolikor menite, da so kr\u0161ene va\u0161e pravice se lahko obrnete na upravitelja osebnih podatkov.[\/vc_toggle][vc_toggle title=&#8221;Odveza odgovornosti&#8221;]Potrudili se bomo zagotoviti a\u017eurnost in pravilnost podatkov, ki so objavljeni na na\u0161i spletni strani oziroma v spletni trgovini. Kljub temu pa lahko pride do sprememb tako hitro, da ponudnik ne uspe popraviti podatkov na spletnih straneh. V takem primeru bo ponudnik kupca obvestil o spremembah in mu omogo\u010dil odstop od naro\u010dila ali zamenjavo naro\u010denega.[\/vc_toggle][vc_toggle title=&#8221;Kon\u010dne dolo\u010dbe&#8221;]Ponudnik si pridru\u017euje pravico kadar koli spremeniti pogoje poslovanja.<\/p>\n<p>Vsakokrat veljavni pogoji poslovanja so objavljeni na spletni strani\u00a0ponudnika.<\/p>\n<p>Uporabnik mora pred oddajo naro\u010dila pogoje poslovanja prebrati in potrditi strinjanje z njihovo vsebino, sicer ne bo mogel izvesti nakupa blaga.<\/p>\n<p>Ti pogoji poslovanja se objavijo in za\u010dnejo veljati dne 1.9.2022.[\/vc_toggle][\/vc_column][\/vc_row]<\/p>\n<\/section>","protected":false},"excerpt":{"rendered":"<p>[vc_row full_width=&#8221;stretch_row_content_no_spaces&#8221; css=&#8221;.vc_custom_1657789724380{margin-top: -50px !important;}&#8221;][vc_column][vc_single_image image=&#8221;14768&#8243; img_size=&#8221;full&#8221;][\/vc_column][\/vc_row][vc_row full_width=&#8221;stretch_row&#8221; css=&#8221;.vc_custom_1657789775344{padding-top: 50px !important;background-color: #f4f4f4 !important;}&#8221;][vc_column][vc_column_text] Pogoji poslovanja [\/vc_column_text][\/vc_column][\/vc_row][vc_row full_width=&#8221;stretch_row&#8221; css=&#8221;.vc_custom_1657789836780{padding-bottom: 50px !important;background-color: #f4f4f4 !important;}&#8221;][vc_column][vc_toggle title=&#8221;Splo\u0161ni pogoji&#8221;]Namen Splo\u0161nih pogojev poslovanja spletne trgovine Joy4Jump.com je jasno definirati pravice in obveznosti uporabnikov (v nadaljevanju tudi\u00a0\u00bbkupci\u00ab\u00a0in\u00a0\u00bbpotro\u0161niki\u00ab) spletne trgovine Joy4Jump.com (v nadaljevanju\u00a0\u00bbspletna trgovina\u00ab in \u00bbponudnik\u00ab) pri uporabi spletne strani, naro\u010danju, nakupu in [&hellip;]<\/p>\n","protected":false},"author":1,"featured_media":0,"parent":0,"menu_order":0,"comment_status":"closed","ping_status":"closed","template":"","meta":{"inline_featured_image":false,"footnotes":""},"class_list":["post-14918","page","type-page","status-publish","hentry"],"_links":{"self":[{"href":"https:\/\/joy4jump.com\/sl\/wp-json\/wp\/v2\/pages\/14918","targetHints":{"allow":["GET"]}}],"collection":[{"href":"https:\/\/joy4jump.com\/sl\/wp-json\/wp\/v2\/pages"}],"about":[{"href":"https:\/\/joy4jump.com\/sl\/wp-json\/wp\/v2\/types\/page"}],"author":[{"embeddable":true,"href":"https:\/\/joy4jump.com\/sl\/wp-json\/wp\/v2\/users\/1"}],"replies":[{"embeddable":true,"href":"https:\/\/joy4jump.com\/sl\/wp-json\/wp\/v2\/comments?post=14918"}],"version-history":[{"count":5,"href":"https:\/\/joy4jump.com\/sl\/wp-json\/wp\/v2\/pages\/14918\/revisions"}],"predecessor-version":[{"id":15067,"href":"https:\/\/joy4jump.com\/sl\/wp-json\/wp\/v2\/pages\/14918\/revisions\/15067"}],"wp:attachment":[{"href":"https:\/\/joy4jump.com\/sl\/wp-json\/wp\/v2\/media?parent=14918"}],"curies":[{"name":"wp","href":"https:\/\/api.w.org\/{rel}","templated":true}]}}