

{"id":14911,"date":"2014-12-15T07:00:36","date_gmt":"2014-12-15T07:00:36","guid":{"rendered":"https:\/\/joy4jump.com\/faq\/"},"modified":"2022-09-03T14:49:26","modified_gmt":"2022-09-03T14:49:26","slug":"faq","status":"publish","type":"page","link":"https:\/\/joy4jump.com\/sl\/faq\/","title":{"rendered":"FAQ"},"content":{"rendered":"<section class=\"wpb-content-wrapper\"><p>[vc_row full_width=&#8221;stretch_row_content_no_spaces&#8221; css=&#8221;.vc_custom_1657789724380{margin-top: -50px !important;}&#8221;][vc_column][vc_single_image image=&#8221;14768&#8243; img_size=&#8221;full&#8221;][\/vc_column][\/vc_row][vc_row full_width=&#8221;stretch_row&#8221; css=&#8221;.vc_custom_1657789775344{padding-top: 50px !important;background-color: #f4f4f4 !important;}&#8221;][vc_column][vc_column_text]<\/p>\n<h4>Pogosta vpra\u0161anja<\/h4>\n<p>[\/vc_column_text][\/vc_column][\/vc_row][vc_row full_width=&#8221;stretch_row&#8221; css=&#8221;.vc_custom_1657789836780{padding-bottom: 50px !important;background-color: #f4f4f4 !important;}&#8221;][vc_column][vc_toggle title=&#8221;Zakaj se psi v parkurju, na ravni \u010drti, od\u017eenejo predale\u010d?&#8221;]Osnovni pogoj, ki mora biti izpolnjen za pravilno skakanje, je, da je pes popolnoma zdrav (brez bole\u010din, po\u0161kodb, napetosti, utrujenosti in brez te\u017eav z vidom) in zelo fit. \u010ce ni zdravstvenih te\u017eav, je lahko odgovor, da pes ne zna oceniti razdalje do skoka in posledi\u010dno ne ve, kje je pravo mesto za odskok, prav tako ne zna prenesti svoje te\u017ee s polno hitrostjo na njegov zadnji del in hitro uporabiti mi\u0161ic za izvedbo vaje.<\/p>\n<p>Pes vidi skok pred seboj, a ker nima znanja o pravilnem skoku, bo sko\u010dil prehitro.\u00a0V tem primeru bo pes predolgo ostal v zraku in se bo odgnal na dalj\u0161o razdaljo.<\/p>\n<p>Zaradi tega so sile, ki vplivajo na njegove prednje noge ob pristanku, prevelike, kar se vidi kot kratka pavza v njegovem gibanju. Sledi zelo viden in hiter padec sprednjega dela telesa navzdol.<\/p>\n<p>Njegove mi\u0161ice, kite in sklepi tega pritiska ne bodo zdr\u017eali, zato bo pes potreboval korak ali dva, da bo uravnote\u017eil svoje telo in da bo lahko nadaljeval s svojim gibanjem v dolo\u010deni smeri.<\/p>\n<p>Poleg negativnih u\u010dinkov na telo bo pes izgubil tudi \u010das.[\/vc_toggle][vc_toggle title=&#8221;Kako lahko svojemu psu pomagam bolje presoditi razdaljo?&#8221;]Psu lahko pomagate s posebnimi vajami, ki mu bodo pomagale prepoznati prave to\u010dke, on pa se bo nau\u010dil, kako u\u010dinkovito oceniti odsko\u010dno to\u010dko in nadaljevati svoje gibanje v pravilno tehniko skoka.[\/vc_toggle][vc_toggle title=&#8221;V parkurju psi ska\u010dejo \u010dez ovire s polno hitrostjo. Kako jim bodo vaje skakalne gimnastike pomagale razumeti skok, \u010de jih u\u010dimo pri nizki hitrostih in na zelo kratkih razdaljah? Kako bo prenesel znanje iz skakalne gimnastike v situacijo v parkurju?&#8221;]<\/p>\n<div>\n<p>Pes bo naredil vse tako, kot je nau\u010den, oziroma tako, kot se mu zdi, da je najla\u017eje. \u010ce ga ne nau\u010dimo pravilne tehnike skakanja, bo sko\u010dil tako, kot se je nau\u010dil sam. Kar ni vedno pravilno.<\/p>\n<\/div>\n<div>\n<p>S skakalno gimnastiko psa nau\u010dimo presojanja razdalj, pravilne tehnike skakanja in drugih pomembnih elementov. Vse to u\u010dimo s prilagojeno postavitvijo, ki pripomore k uspehu psa. Kasneje dvignemo kriterije, tako da na koncu pridemo do \u017eelenega rezultata, torej do pravega vzleti\u0161\u010da in pravilne tehnike skakanja. Hkrati krepimo njegov mi\u0161i\u010dni spomin, ki mu pomaga pri pravilnem in avtomatskem gibanju.<\/p>\n<\/div>\n<div>\n<p>Ko se pes nau\u010di pravilne tehnike skakanja, bo hitro ugotovil, da je ta na\u010din gibanja la\u017eji in manj obremenjuje njegovo telo. Zato bo nau\u010deno prena\u0161al v vse dejavnosti, ki to znanje zahtevajo. V na\u0161em primeru je aktivnost agility.<\/p>\n<\/div>\n<div>\n<p>\u010ce \u017eelimo, da na\u0161 pes avtomatizira nau\u010deno tehniko skakanja in jo prenese na situacije v agilitiju, se moramo zavedati, da moramo narediti veliko ponovitev razli\u010dnih vaj, ki jih mora pes razumeti.<\/p>\n<\/div>\n<div>\n<p>Za primerjavo si lahko predstavljamo smu\u010darskega skakalca, ki se pripravlja na tekmovalno sezono. Preden bo sedel na vrh skakalnice, bo opravil ve\u010d tiso\u010d improviziranih skokov, odrivov in drugih vaj, ki bodo podprle morebitno izvedbo skoka.<\/p>\n<\/div>\n<p>Enako se dogaja z psi \u2013 \u010de \u017eelimo, da obvladujejo in pravilno uporabljajo svoje telo med premikanjem, z veliko hitrostjo, jih moramo u\u010diti v kontroliranem okolju in pri \u00a0ni\u017eji hitrosti. Tako bodo ustvarili pravilen mi\u0161i\u010dni spomin, ki se bo prenesel na agility parkur. Vedeti moramo, da bli\u017enjic ni. Na za\u010detku moramo narediti veliko ponovitev (kratke seje), nau\u010deno vedenje pa moramo vzdr\u017eevati skozi celotno agility kariero.[\/vc_toggle][vc_toggle title=&#8221;Kak\u0161na je razlika med u\u010denjem pravilne tehnike skakanja mladega in neizku\u0161enega psa in \u017ee izku\u0161enega aguility psa?&#8221;]<\/p>\n<div>\n<p>Ko se u\u010dimo ne\u010desa novega, se moramo zavedati, da bo znanje, ki smo ga najprej pridobili, vedno najmo\u010dnej\u0161e.<\/p>\n<\/div>\n<div>\n<p>Ko za\u010dnemo z mladim in neizku\u0161enim psom, je njegov mi\u0161i\u010dni spomin kot prazen list. To pomeni, da nima nobenih vzorcev skakanja, ne dobrih ne slabih. Posledi\u010dno bomo mladega psa la\u017eje nau\u010dili pravilnega gibanja in skakanja.<\/p>\n<\/div>\n<div>\n<p>Pri odraslem in izku\u0161enem psu za\u010dnemo z osnovami, tako kot pri mladih psih. Zavedati pa se moramo, da izku\u0161eni psi pri gibanju in skakanju \u017ee uporabljajo dolo\u010dene nau\u010dene vzorce. Spreminjanje nau\u010denega vedenja zahteva ve\u010d \u010dasa in predvsem veliko potrpe\u017eljivosti. Vedeti moramo, da se bo pes vsaki\u010d, ko bo vaja te\u017eka ali ko se bo po\u010dutil zmedenega, vrnil k staremu vedenju, zato je pomembno biti potrpe\u017eljiv in stvari delati po\u010dasi, z majhnimi koraki naprej, kriterije pa dvigovati postopoma. Pomembno je, da je pes uspe\u0161en v 80% svojih poskusov.<\/p>\n<\/div>\n<p>[\/vc_toggle][vc_toggle title=&#8221;Zakaj psi pokr\u010dijo zadnje noge pri skoku \u010dez oviro?&#8221;]Ko se pes pribli\u017euje skoku, je njegova te\u017ea na sprednjem delu. Te\u017eo mora prenesti tako, da upogne hrbet na zadnji del, zadnje noge postavi pod sprednji del in sko\u010di. V skoku, nad oviro, mora sprostiti mi\u0161ice na hrbtu in zadnjih nogah ter se usmeriti navzdol. \u010ce je povezava med sprednjim in zadnjim delom dobra, bo pes sprostil zadnje noge in jih med skokom nad oviro iztegnil in razprl. Psi bodo med skokom upognili zadnje noge, \u0161e zlasti, \u010de so mi\u0161ice na hrbtu preobremenjene in \u010de ni dobre povezave med sprednjim in zadnjim delom. \u010ce \u017eelimo, da pes presko\u010di oviro z odprtim zadnjim delom, ga moramo nau\u010diti pravilne uporabe telesa.[\/vc_toggle][vc_toggle title=&#8221;Zakaj je pri psu \u010dutiti napetost v vratu?&#8221;]Med skakanjem bodo psi \u010dutili napetost v vratu, \u010de ne bodo prispeli na pravo odsko\u010dno to\u010dko in jo bodo nato kompenzirali s sprednjimi nogami.[\/vc_toggle][vc_toggle title=&#8221;Zakaj ima pes med tekom v parkurju dvignjeno glavo?&#8221;]Pes bo imel dvignjeno glavo, ko informacije o smeri gibanja ne bo dobil dovolj hitro in ker ni nau\u010den, da se osredoto\u010di na skok pred seboj.[\/vc_toggle][vc_toggle title=&#8221;Zakaj psi pred skokom na ravni \u010drti prilagodijo hitrost in skraj\u0161ajo korak?&#8221;]Razlogi za kraj\u0161anje (merjenje) korakov pred skokom so razli\u010dni:<\/p>\n<ul>\n<li>Pes ne ve, kje je prava odrivna to\u010dka.<\/li>\n<li>Pes se spomni bole\u010dine \u2013 v preteklosti je imel npr. negativno izku\u0161njo, ko je udaril po pre\u010dki in jo podrl ter se tega spominja kot bole\u010dine.<\/li>\n<li>Pes je na\u0161el svojo re\u0161itev za skok, ne da bi podrl oviro.<\/li>\n<li>Pes la\u017eje sko\u010di in se bolje zaveda lastnega telesa, ko se skoku pribli\u017euje z manj\u0161o hitrostjo.<\/li>\n<li>Telesne te\u017eave \u2013 bole\u010dine, te\u017eave z vidom\u2026<\/li>\n<\/ul>\n<p>[\/vc_toggle][vc_toggle title=&#8221;Ali moram opraviti te\u010daj poslu\u0161nosti, preden se pridru\u017eim te\u010daju Joyfull Jumping?&#8221;]\u010ceprav vam ni treba obiskovati uradnega te\u010daja, pa vseeno potrebujete nekaj osnovnih ve\u0161\u010din poslu\u0161nosti. Va\u0161 pes mora razumeti ukaze kot so: sedi, lezi, po\u010dakaj in pridi. Ni nujno, da je 100 % zanesljiv, vendar je to vsekakor dober za\u010detek.[\/vc_toggle][vc_toggle title=&#8221;Ali mi boste vrnili kupnino, \u010de zamudim te\u010daj ali \u010de se ne morem udele\u017eiti celotnega te\u010daja?&#8221;]\u010ce se ne boste mogli udele\u017eiti te\u010daja,\u00a0vas bomo pogre\u0161ali,vendar \u017eal vra\u010dilo kupnine, po va\u0161i registraciji, ve\u010d ni mogo\u010de.[\/vc_toggle][vc_toggle title=&#8221;Je te\u010daj Joyfull Jumping enostaven?&#8221;]Ni, ampak u\u010denje je lahko zabavno. Ne gre samo za to, da svojemu psu re\u010dete naj sko\u010di ali da znate komunicirati z njim. Premagovanja ovir se ni najte\u017eje nau\u010diti, veliko te\u017eje pa je pravilno in u\u010dinkovito komunicirati s svojim psom. Biti morata povezana ekipa.[\/vc_toggle][vc_toggle title=&#8221;Kako hitro bo moj pes napredoval?&#8221;]To je odvisno od mnogih stvari in se razlikuje od psa do psa. Ob tem hitrost napredka ni najpomembnej\u0161a. Pomembno je, da se temeljnih ve\u0161\u010din pravilno nau\u010di \u017ee na samem za\u010detku. Ko psa enkrat nau\u010dite delati \u201cnapake\u201d, se je zelo te\u017eko vrniti nazaj in jih \u201cpopraviti\u201d. U\u010dite se torej iz napak![\/vc_toggle][vc_toggle title=&#8221;Imam dva psa. Ali lahko oba prijavim v en te\u010daj?&#8221;]Na za\u010detnih te\u010dajih pogosto ugotavljamo, da je prete\u017eko vzgajati ve\u010d kot enega psa hkrati, res pa ni nemogo\u010de. \u010ce imate dva psa, boste morali registrirati oba psa, vsakega posebej.[\/vc_toggle][vc_toggle title=&#8221;Koliko mora biti pes star pred za\u010detkom te\u010daja?&#8221;]Pri\u010dakuje se, da so psi v za\u010detnih te\u010dajih stari vsaj 10 mesecev, odvisno od velikosti in zrelosti psa. To je pomembno zlasti zaradi varnosti in zdravja va\u0161ega psa. Agility je naporen \u0161port in psu, ki \u0161e raste, nikakor ne \u017eelite povzro\u010dati prekomernega stresa.[\/vc_toggle][vc_toggle title=&#8221;Kako dolgo moram trenirati preden lahko svojega psa peljem na tekmovanje?&#8221;]Ugotavljamo, da je usposabljanje psa dolgoletna obveza. Traja lahko ve\u010d kot leto dni, da psa seznanimo z vsemi ovirami ter da se mi nau\u010dimo pravilnega ravnanja s psom in kako biti njegov sotekmovalec, preden smo lahko pripravljeni iti z njim v parkur.[\/vc_toggle][vc_toggle title=&#8221;Ali moram imeti izku\u0161nje z \u0161olanjem psov, da se lahko udele\u017eim va\u0161ih te\u010dajev?&#8221;]Na\u0161i te\u010daji so zasnovani tako, da so dostopni vsem. Tudi \u010de prvi\u010d delate s psom, je lekcijam mogo\u010de slediti. Poleg tega imamo znotraj te\u010daja dodatna u\u010dna gradiva za la\u017eje u\u010denje.[\/vc_toggle][vc_toggle title=&#8221;Kdo je trener?&#8221;]Vi ste. Tako je! Svojega psa boste prav vi zgajali pod vodstvom na\u0161ega programa in na\u0161ih usposobljenih in\u0161truktorjev.[\/vc_toggle][vc_toggle title=&#8221;Kdo me bo usposabljal?&#8221;]Vsa usposabljanja izvajam Alenka \u0160krabec.[\/vc_toggle][vc_toggle title=&#8221;Kje lahko najdem video posnetke potrebne za usposabljanje?&#8221;]Videoposnetki so dostopni znotraj posameznega te\u010daja, kjer so dostopna tudi druga u\u010dna gradiva.[\/vc_toggle][vc_toggle title=&#8221;Katero denarno valuto sprejemate?&#8221;]Pla\u010dila sprejemamo v evrih.[\/vc_toggle][vc_toggle title=&#8221;Ali sta nakupovanje in pla\u010devanje na va\u0161em spletnem mestu varna?&#8221;]Tako nakupovanje kot tudi pla\u010dila so popolnoma varna in ustrezno zavarovana. Na\u0161a stran za dokon\u010danje nakupa uporablja ssl (https) protokol. Pla\u010date lahko z debetno\/kreditno kartico, paypalom ali neposredno na na\u0161 transakcijski ra\u010dun. Veselo nakupovanje![\/vc_toggle][\/vc_column][\/vc_row]<\/p>\n<\/section>","protected":false},"excerpt":{"rendered":"<p>[vc_row full_width=&#8221;stretch_row_content_no_spaces&#8221; css=&#8221;.vc_custom_1657789724380{margin-top: -50px !important;}&#8221;][vc_column][vc_single_image image=&#8221;14768&#8243; img_size=&#8221;full&#8221;][\/vc_column][\/vc_row][vc_row full_width=&#8221;stretch_row&#8221; css=&#8221;.vc_custom_1657789775344{padding-top: 50px !important;background-color: #f4f4f4 !important;}&#8221;][vc_column][vc_column_text] Pogosta vpra\u0161anja [\/vc_column_text][\/vc_column][\/vc_row][vc_row full_width=&#8221;stretch_row&#8221; css=&#8221;.vc_custom_1657789836780{padding-bottom: 50px !important;background-color: #f4f4f4 !important;}&#8221;][vc_column][vc_toggle title=&#8221;Zakaj se psi v parkurju, na ravni \u010drti, od\u017eenejo predale\u010d?&#8221;]Osnovni pogoj, ki mora biti izpolnjen za pravilno skakanje, je, da je pes popolnoma zdrav (brez bole\u010din, po\u0161kodb, napetosti, utrujenosti in brez te\u017eav z [&hellip;]<\/p>\n","protected":false},"author":1,"featured_media":0,"parent":0,"menu_order":0,"comment_status":"closed","ping_status":"open","template":"","meta":{"inline_featured_image":false,"footnotes":""},"class_list":["post-14911","page","type-page","status-publish","hentry"],"_links":{"self":[{"href":"https:\/\/joy4jump.com\/sl\/wp-json\/wp\/v2\/pages\/14911","targetHints":{"allow":["GET"]}}],"collection":[{"href":"https:\/\/joy4jump.com\/sl\/wp-json\/wp\/v2\/pages"}],"about":[{"href":"https:\/\/joy4jump.com\/sl\/wp-json\/wp\/v2\/types\/page"}],"author":[{"embeddable":true,"href":"https:\/\/joy4jump.com\/sl\/wp-json\/wp\/v2\/users\/1"}],"replies":[{"embeddable":true,"href":"https:\/\/joy4jump.com\/sl\/wp-json\/wp\/v2\/comments?post=14911"}],"version-history":[{"count":5,"href":"https:\/\/joy4jump.com\/sl\/wp-json\/wp\/v2\/pages\/14911\/revisions"}],"predecessor-version":[{"id":14972,"href":"https:\/\/joy4jump.com\/sl\/wp-json\/wp\/v2\/pages\/14911\/revisions\/14972"}],"wp:attachment":[{"href":"https:\/\/joy4jump.com\/sl\/wp-json\/wp\/v2\/media?parent=14911"}],"curies":[{"name":"wp","href":"https:\/\/api.w.org\/{rel}","templated":true}]}}