

{"id":14896,"date":"2022-08-16T11:03:28","date_gmt":"2022-08-16T11:03:28","guid":{"rendered":"https:\/\/joy4jump.com\/references\/"},"modified":"2022-09-03T13:44:57","modified_gmt":"2022-09-03T13:44:57","slug":"reference","status":"publish","type":"page","link":"https:\/\/joy4jump.com\/sl\/reference\/","title":{"rendered":"Reference"},"content":{"rendered":"<section class=\"wpb-content-wrapper\"><p>[vc_row full_width=&#8221;stretch_row&#8221; css=&#8221;.vc_custom_1660729133484{margin-top: -50px !important;padding-top: 50px !important;background-color: #f4f4f4 !important;}&#8221;][vc_column][vc_column_text]<\/p>\n<h4>Reference<\/h4>\n<p>[\/vc_column_text][\/vc_column][\/vc_row][vc_row full_width=&#8221;stretch_row_content_no_spaces&#8221; css=&#8221;.vc_custom_1660733883888{padding-bottom: 30px !important;background-color: #f4f4f4 !important;}&#8221;][vc_column width=&#8221;1\/2&#8243;][vc_column_text css=&#8221;.vc_custom_1660739063173{margin-top: -10px !important;padding-top: 20px !important;padding-right: 30px !important;padding-bottom: 5px !important;padding-left: 30px !important;background-color: #ffffff !important;}&#8221; el_class=&#8221;references-name&#8221;]<\/p>\n<p class=\"references-name\" style=\"text-align: right;\">Lea Komat<\/p>\n<p>[\/vc_column_text][vc_single_image image=&#8221;14786&#8243; img_size=&#8221;full&#8221; css=&#8221;.vc_custom_1660737628660{margin-top: -30px !important;background-color: #ffffff !important;}&#8221;][\/vc_column][vc_column width=&#8221;1\/2&#8243;][vc_column_text css=&#8221;.vc_custom_1662212020787{padding-top: 30px !important;padding-right: 30px !important;padding-bottom: 30px !important;padding-left: 30px !important;background-color: #ffffff !important;}&#8221;]&#8221;\u010ce pes med skokom iztegne zadnje noge in \u010de pred skokom ne meri korakov, potem je dober skakalec.&#8221; Tako kot mnogi v agilityju, sem bila v to, do pred nekaj leti, ko se je v moj te\u010daj agilityja prijavila ena prav posebna u\u010denka, prepri\u010dana tudi sama. Nisem vedela, da bo imela tako velik vpliv na moje prihodnje dojemanje pasjega gibanja, skakanja in agilityja nasploh.<\/p>\n<p>Po nekajmese\u010dnem treningu v mojem razredu mi je dejala, da je med drugim tudi trenerka konj in da je njena najve\u010dja strast pri u\u010denju konj pravzaprav pomo\u010d pri njihovi tehniki skakanja. Iz radovednosti sem jo vpra\u0161ala, \u010de lahko oceni skakanje mojega psa (Bay) in mi da nekaj napotkov, kako delati v nekaterih situacijah, ki so zanj te\u017eke in tako se je za\u010delo najino sodelovanje. Najprej sva za\u010deli delati z Bayom, za katerega sem mislila, da tak\u0161nih vaj tako ali tako ne potrebuje. Ne bi se mogla bolj motiti. Po nekaj tednih vadbe sem za\u010dela opa\u017eati napredek, za katerega nikoli nisem mislila, da je mo\u017een ali sploh potreben. Te\u017eko je verjeti, a moj pes je na skokih postal \u0161e hitrej\u0161i in \u0161e zanesljivej\u0161i. V zraku je pre\u017eivel bistveno manj \u010dasa kot pred vajami. Njegovi skoki so postali bolj teko\u010di in u\u010dinkoviti.<\/p>\n<p>Bila sem vse prej kot lahek \u0161tudent. Ker sem prej imela psa s te\u017eavami pri skakanju, sem naredila nekaj vaj za skakanje, da bi mu pomagala izbolj\u0161ati svoje skakalne sposobnosti. Ker pa vaj, ki sem jih delala, ni razumel, so le \u0161e poslab\u0161ale situacijo. Ko mi je Alenka predstavila podobne vaje (s pravilnimi razdaljami in vi\u0161inami, kar je pomenilo vso in bistveno razliko), kot sem jih izvajala s svojim prvim psom, sem bila skepti\u010dna. Skrbelo me je, da bodo mojo psi\u010dko upo\u010dasnjevale.<\/p>\n<p>Zame je bilo nepredstavljivo, da lahko tak\u0161ne vaje spremenijo psa, ko prete\u010de progo s polno hitrostjo. Trajalo je nekaj mesecev, preden sem res za\u010dela zaupati njenim nasvetom. Spoznala sem, da moje znanje o pravilnem skakanju ni le omejeno \u2013 dejansko ga sploh ni bilo.<\/p>\n<p>Odkar sem za\u010dela delati z Alenko, pred nekaj ve\u010d kot 3 leti, sem se nau\u010dila ogromno o zgradbi psa, biomehaniki in pravilni tehniki skakanja. Sedaj, ko vidim psa na progi, ne vidim le kako hiter in dober je, ampak sem za\u010dela opa\u017eati tudi, kak\u0161no je njegovo gibanje, kako prena\u0161a te\u017eo pred skokom, kako uravnote\u017een je v zraku in kako uporablja svoje telo skozi celoten te\u010daj.<\/p>\n<p>Po Bayu je Alenka za\u010dela sodelovati \u0161e z nekaterimi drugimi \u0161tudenti. Ker ima vsak pes druga\u010dne potrebe, Alenka vadbo prilagodi vsakemu psu posebej. Vsakega u\u010denca jemlje kot posameznika in v pomo\u010d njemu vlaga vso svojo energijo in znanje. Ima izjemno oko za podrobnosti in ujame res vsako malenkost.<\/p>\n<p>Sem izjemno sre\u010dna in hvale\u017ena, da so se najine poti pred nekaj leti kri\u017eale in se imam tako tudi jaz mo\u017enost u\u010diti od nje. Njeno znanje o skakanju in pasji biomehaniki je res impresivno in videti je, da to kar po\u010dne, resni\u010dno obo\u017euje.[\/vc_column_text][\/vc_column][\/vc_row][vc_row full_width=&#8221;stretch_row_content_no_spaces&#8221; css=&#8221;.vc_custom_1660734114111{padding-bottom: 30px !important;background-color: #f4f4f4 !important;}&#8221;][vc_column width=&#8221;1\/2&#8243;][vc_column_text css=&#8221;.vc_custom_1660739074165{margin-top: -10px !important;padding-top: 20px !important;padding-right: 30px !important;padding-bottom: 5px !important;padding-left: 30px !important;background-color: #ffffff !important;}&#8221; el_class=&#8221;references-name-second&#8221;]<\/p>\n<p class=\"references-name-second\" style=\"text-align: right;\">Ma\u0161a \u0160lebir<\/p>\n<p>[\/vc_column_text][vc_single_image image=&#8221;14785&#8243; img_size=&#8221;full&#8221; css=&#8221;.vc_custom_1660736578135{margin-top: -30px !important;background-color: #ffffff !important;}&#8221;][\/vc_column][vc_column width=&#8221;1\/2&#8243;][vc_column_text css=&#8221;.vc_custom_1662212281350{padding-top: 30px !important;padding-right: 30px !important;padding-bottom: 30px !important;padding-left: 30px !important;background-color: #ffffff !important;}&#8221;]Vedela sem, da je potrebno psa u\u010diti oviro za oviro. Kar se ti\u010de tehnike skokov, temu nisem posve\u010dala posebne pozornosti. Ugotovila sem, da se slog skakanja izbolj\u0161a, ko pes pridobi izku\u0161nje. In za nekatere pse je to v redu (za nekatere absolutno ne) \u2013 vendar sem se nau\u010dila, da obstaja bolj\u0161i na\u010din za u\u010denje optimalnega na\u010dina skakanja in sicer s skakalno gimnastiko.<\/p>\n<p>Ko morate narediti nekaj precej zapletenega, tega na za\u010detku ne naredite s polno hitrostjo in v nekaj milisekundah. A \u010de \u017eelite biti u\u010dinkoviti in natan\u010dni ter brez napak, morate najprej vedeti, kako to po\u010deti po\u010dasi \u2013 o tem razmi\u0161ljati. Izvedela sem, da enako velja tudi za pse pri skakanju in za to, da jih nau\u010dimo optimalnega gibanja med skakanjem.<\/p>\n<p>Napaka, ki sem jo naredila pri Kiwii je bila, da sem \u017eelela, da takoj naredi te\u017eko komplicirano potezo (kot cik in cap) s polno hitrostjo (je namre\u010d zelo eksplozivna). Manjkala ji je skakalna izobrazba in je to naredila na svoj na\u010din (velikokrat je podrla letvico, se vrgla \u010dez oviro), zato smo morali veliko ponavljati in na vsakem treningu sem videla preve\u010d napak (v\u010dasih tudi do 80 %).<\/p>\n<p>Kar mi je v\u0161e\u010d pri skakanju na mre\u017eo, je tudi to, da psa ne kaznuje\u0161. Verjamem, da strah pri psu, da bo zbil letvico, ne bo pripomogel k njegovi optimalni izvedbi. Mislim, da mora pes verjeti vase in si pridobiti zaupanje, z zaupanjem pa pride tudi predanost oviri.<\/p>\n<p>Enako kot pri drugih treningih \u2013 delajte postopoma vsak dan in pripravite psa na uspeh. \u010ce ga pripravite na neuspeh, lahko povzro\u010dite ravno nasprotno. Obstajajo bolj\u0161i \u2013 zabavnej\u0161i na\u010dini, kako psa nau\u010diti, da je pre\u010dko treba spo\u0161tovati.<\/p>\n<p>Po za\u010detku dela z Alenko sem potrebovala \u010das, da sem razumela, kako bodo te vaje izbolj\u0161ale na\u010din skakanja mojih psov, in imela sem veliko pomislekov. Zame je veliko la\u017eje, \u010de si lahko predstavljam celoten proces prehoda z mre\u017e na dejanske te\u010daje. Nau\u010dila sem se, da mora\u0161 procesu zaupati in ga izvajati korak za korakom.<\/p>\n<p>V nekaj treningih sem opazila velik napredek pri vseh mojih psih, ki so skakali. Za\u010deli so razmi\u0161ljati kako bi se prilagodili in kar je \u0161e posebej super \u2013 vsak trening je bil zanje uspe\u0161en in zabaven.<\/p>\n<p>Po skakanju se vedno vrnem domov vesela in zadovoljna z napredkom, ki ga moji psi dosegajo. Absolutno nasprotje mojega za\u010detka s Kiwii, ko je podrla do 80% palic na treningu, pri \u010demer je delala le stati\u010dni cik in cap.<\/p>\n<p>Te\u017eava pri \u0161olanju je velikokrat v tem, da prehitro zahtevamo preve\u010d od sebe in svojih psov. Zato u\u017eivajte!<\/p>\n<p>Najlep\u0161a hvala Alenka, ker si me potrpe\u017eljivo podpirala in mi vedno stala ob strani. Veliko mi pomeni.[\/vc_column_text][\/vc_column][\/vc_row][vc_row full_width=&#8221;stretch_row_content_no_spaces&#8221; css=&#8221;.vc_custom_1660738295031{padding-bottom: 60px !important;background-color: #f4f4f4 !important;}&#8221;][vc_column width=&#8221;1\/2&#8243;][vc_column_text css=&#8221;.vc_custom_1660739086989{margin-top: -10px !important;padding-top: 20px !important;padding-right: 30px !important;padding-bottom: 5px !important;padding-left: 30px !important;background-color: #ffffff !important;}&#8221; el_class=&#8221;references-name&#8221;]<\/p>\n<p class=\"references-name\" style=\"text-align: right;\">Katarina Podlipnik<\/p>\n<p>[\/vc_column_text][vc_single_image image=&#8221;14788&#8243; img_size=&#8221;full&#8221; css=&#8221;.vc_custom_1660737736759{margin-top: -30px !important;background-color: #ffffff !important;}&#8221;][\/vc_column][vc_column width=&#8221;1\/2&#8243;][vc_column_text css=&#8221;.vc_custom_1662212386853{padding-top: 30px !important;padding-right: 30px !important;padding-bottom: 30px !important;padding-left: 30px !important;background-color: #ffffff !important;}&#8221;]Za\u010detek dela z Alenko in u\u010denje pravilne tehnike skakanja in pasje gimnastike je bila zame odli\u010dna izku\u0161nja.<\/p>\n<p>Vsi moji u\u010denci vedo, da obo\u017eujem temelje (in trening z enojno oviro) in veliko pozornosti posve\u010dam izgradnji odli\u010dnih temeljev za vse ovire, s katerimi se pes lahko sre\u010da na te\u010daju agilityja. Do sre\u010danja z Alenko sem bila skoraj prepri\u010dana, da so moji \u201cskakalni temelji\u201d vsaj solidni (\u010de \u017ee ne odli\u010dni :))). Mislim, da se moji psi zelo dobro znajo obrniti in najti &#8220;izhod&#8221; iz kateregakoli polo\u017eaja, da ostanejo predani skoku, ne glede na to, kako dale\u010d jih po\u0161ljem ali kako hitro pobegnem, da razlikujejo \u00bbven\u00ab, zbiranje do mene, zbiranje stran od mene, \u00bbnoter\u00ab, \u00bbpolovi\u010dno zbiranje\u00ab, podalj\u0161anje,\u2026 \u017ee samo na verbalne znake,\u2026<\/p>\n<p>Torej, kaj ve\u010d bi \u0161e bilo potrebno? No, to, da pes zna najti &#8220;ven&#8221; iz katere koli smeri, ne pomeni tudi, da zna pes \u201even\u201c tudi PRAVILNO SKO\u010cITI. To samo pomeni, da ve, s katere strani mora sko\u010diti, to pa ni dovolj. In bolj kot sem delala z Alenko, bolj sem videla, kako pomembna je pravilna tehnika skakanja za vsakega psa! Ne le zato, ker u\u010dinkovito (pravilno) skakanje prihrani \u010das in pomaga, da ne zru\u0161i ovire, ampak tudi gradi veliko zaupanje pri psih in, kar mi je najbolj v\u0161e\u010d, naredi skakanje tako enostavno, da je telo psa pod veliko manj\u0161im pritiskom kot bi bilo, \u010de svojega telesa ne bi pravilno uporabljal. In ker je skok najpogosteje uporabljena ovira na vsaki progi, je nujno, da damo svojim psom najbolj\u0161e mo\u017ene temelje.<\/p>\n<p>Sprva sem za\u010dela z Alenko sodelovati zaradi te\u017eav s skakanjem, ki jih je imela moja Willa (malinois), a ko sem videla, kako zelo je Willa napredovala in vzljubila te gimnasti\u010dne vaje ter koliko koristi ji prina\u0161ajo, sem se odlo\u010dila, da bo skakalna gimnastika pomemben del treninga za vse moje pse.<\/p>\n<p>Zato hvala Alenka za to \u010dudovito izku\u0161njo in vso pomo\u010d! Zaradi tebe na\u0161i skoki nikoli ve\u010d ne bodo tak\u0161ni, kot so bili![\/vc_column_text][\/vc_column][\/vc_row][vc_row full_width=&#8221;stretch_row_content_no_spaces&#8221; css=&#8221;.vc_custom_1660738295031{padding-bottom: 60px !important;background-color: #f4f4f4 !important;}&#8221;][vc_column width=&#8221;1\/2&#8243;][vc_column_text css=&#8221;.vc_custom_1661930053604{margin-top: -10px !important;padding-top: 20px !important;padding-right: 30px !important;padding-bottom: 5px !important;padding-left: 30px !important;background-color: #ffffff !important;}&#8221; el_class=&#8221;references-name&#8221;]<\/p>\n<p class=\"references-name\" style=\"text-align: right;\">Marjolein van der Pad<\/p>\n<p>[\/vc_column_text][vc_single_image image=&#8221;14793&#8243; img_size=&#8221;full&#8221; css=&#8221;.vc_custom_1661930545879{margin-top: -30px !important;background-color: #ffffff !important;}&#8221;][\/vc_column][vc_column width=&#8221;1\/2&#8243;][vc_column_text css=&#8221;.vc_custom_1662212692178{padding-top: 30px !important;padding-right: 30px !important;padding-bottom: 30px !important;padding-left: 30px !important;background-color: #ffffff !important;}&#8221;]\u017de moj drugi agility pes in zdaj res obo\u017eujem agility \u0161port.<br \/>\nMoj prvi pes me je veliko nau\u010dil, toda pes, ki ga imam zdaj, je res neverjeten.<br \/>\nNjegova mentaliteta je res izjemna in po mojem mnenju smo dosegli veliko.<\/p>\n<p>Toda pri nekaterih vpra\u0161anjih smo se malce zataknili. Djuke je dober skakalec, vendar je imel velike te\u017eave z zbiranjem in te\u017eave pri skokih. \u010ceprav so ti bili vredu pa so bili hkrati ve\u010dinoma pre\u0161iroki.<\/p>\n<p>Alenkinemu te\u010daju se je sprva pridru\u017eil moj prijatelj in mi za te\u010daj povedal. Bila sem zelo navdu\u0161ena in odlo\u010dila sem se pridru\u017eiti te\u010daju \u201eEntering into Collection\u201c. Nikoli prej nisem delala z regulatorji korakov. Toda po nekaj privajanja sem za\u010dela opa\u017eati napredek. Alenkin na\u010din, kako vam med te\u010dajem pomaga in razmi\u0161lja z vami, je res neverjeten in zelo spodbuden. Potrebno je nekaj dela, vendar verjemite, da je res lepo videti napredek pri psu!<br \/>\nPo vstopu v te\u010daj \u201eEntering into Collection\u201c sem se pridru\u017eila \u0161e te\u010daju \u201eMastering in-out\u201c. Tudi ta te\u010daj je bil podprt z veliko informacijami, ki jih Alenka posreduje preko spleta in ki si jih lahko ogledate \u0161e kasneje. Neverjetno lepo je, ko od Alenke res hitro dobi\u0161 osebno povratno informacijo.<\/p>\n<p>Posnela sem video, da bi la\u017eje prepoznala in videla razliko med \u201eprej in potem\u201c, in bila izjemno presene\u010dena, ko sem videla kako zelo velika je bila razlika!<\/p>\n<p>Tako zelo sem vesela, da sem prisluhnila svojemu prijatelju in se pridru\u017eila Alenkinim te\u010dajem. Sem zelo zaposlena in sprva sem imela nekaj pomislekov, ker nisem vedela, ali si bom lahko vzela \u010das. Toda sedaj sem tako navdu\u0161ena, da sem na\u0161la \u010das in videla, kako se je moj pes spremenil in izbolj\u0161al.<\/p>\n<p>Res iskreno hvale\u017ena sem za Alenko in njene te\u010daje. Seveda moramo \u0161e naprej vaditi, vendar mi napredovanje prina\u0161a veliko zadovoljstva![\/vc_column_text][\/vc_column][\/vc_row][vc_row full_width=&#8221;stretch_row_content_no_spaces&#8221; css=&#8221;.vc_custom_1660738322468{padding-bottom: 90px !important;background-color: #f4f4f4 !important;}&#8221;][vc_column width=&#8221;1\/2&#8243;][vc_column_text css=&#8221;.vc_custom_1660739096730{margin-top: -10px !important;padding-top: 20px !important;padding-right: 30px !important;padding-bottom: 5px !important;padding-left: 30px !important;background-color: #ffffff !important;}&#8221; el_class=&#8221;references-name-second&#8221;]<\/p>\n<p class=\"references-name-second\" style=\"text-align: right;\">Helen Vesper<\/p>\n<p>[\/vc_column_text][vc_single_image image=&#8221;14787&#8243; img_size=&#8221;full&#8221; css=&#8221;.vc_custom_1660737835199{margin-top: -30px !important;background-color: #ffffff !important;}&#8221;][\/vc_column][vc_column width=&#8221;1\/2&#8243;][vc_column_text css=&#8221;.vc_custom_1662212625397{padding-top: 30px !important;padding-right: 30px !important;padding-bottom: 30px !important;padding-left: 30px !important;background-color: #ffffff !important;}&#8221;]Zelo sem hvale\u017ena Alenki za vso pomo\u010d in napotke, ki mi jih je dala pri mojem Malinois Vesper. Lansko leto smo imeli frustrirajo\u010do sezono s \u0161tevilnimi sicer fantasti\u010dnimi tekmami, ko je praviloma padla po le ena ovira. Mislila sem, da je kar dobra skakalka, vendar je Alenka izpostavila veliko podro\u010dij, ki bi jih bilo treba in mogo\u010de izbolj\u0161ati. Namesto, da bi pri skakanju uporabila pravo tehniko, je vso svojo mo\u010d uporabila za to, da se je dobesedno vrgla \u010dez ovire, kolikor je le mogla in znala. S pomo\u010djo zelo jasnih Alenkinih u\u010dnih na\u010drtov, smo zadnjih nekaj mesecev delali na njeni tehniki, telesnem ravnote\u017eju, razumevanju sprememb nog itd.. Zelo hitro smo opazili napredek in z delom na teh vajah bomo nadaljevali do konca njene kariere.<\/p>\n<p>Hvala ti Alenka, za tvoje vodenje in predvsem podporo.[\/vc_column_text][\/vc_column][\/vc_row]<\/p>\n<\/section>","protected":false},"excerpt":{"rendered":"<p>[vc_row full_width=&#8221;stretch_row&#8221; css=&#8221;.vc_custom_1660729133484{margin-top: -50px !important;padding-top: 50px !important;background-color: #f4f4f4 !important;}&#8221;][vc_column][vc_column_text] Reference [\/vc_column_text][\/vc_column][\/vc_row][vc_row full_width=&#8221;stretch_row_content_no_spaces&#8221; css=&#8221;.vc_custom_1660733883888{padding-bottom: 30px !important;background-color: #f4f4f4 !important;}&#8221;][vc_column width=&#8221;1\/2&#8243;][vc_column_text css=&#8221;.vc_custom_1660739063173{margin-top: -10px !important;padding-top: 20px !important;padding-right: 30px !important;padding-bottom: 5px !important;padding-left: 30px !important;background-color: #ffffff !important;}&#8221; el_class=&#8221;references-name&#8221;] Lea Komat [\/vc_column_text][vc_single_image image=&#8221;14786&#8243; img_size=&#8221;full&#8221; css=&#8221;.vc_custom_1660737628660{margin-top: -30px !important;background-color: #ffffff !important;}&#8221;][\/vc_column][vc_column width=&#8221;1\/2&#8243;][vc_column_text css=&#8221;.vc_custom_1662212020787{padding-top: 30px !important;padding-right: 30px !important;padding-bottom: 30px !important;padding-left: 30px !important;background-color: #ffffff !important;}&#8221;]&#8221;\u010ce pes [&hellip;]<\/p>\n","protected":false},"author":1,"featured_media":0,"parent":0,"menu_order":0,"comment_status":"closed","ping_status":"closed","template":"","meta":{"inline_featured_image":false,"footnotes":""},"class_list":["post-14896","page","type-page","status-publish","hentry"],"_links":{"self":[{"href":"https:\/\/joy4jump.com\/sl\/wp-json\/wp\/v2\/pages\/14896","targetHints":{"allow":["GET"]}}],"collection":[{"href":"https:\/\/joy4jump.com\/sl\/wp-json\/wp\/v2\/pages"}],"about":[{"href":"https:\/\/joy4jump.com\/sl\/wp-json\/wp\/v2\/types\/page"}],"author":[{"embeddable":true,"href":"https:\/\/joy4jump.com\/sl\/wp-json\/wp\/v2\/users\/1"}],"replies":[{"embeddable":true,"href":"https:\/\/joy4jump.com\/sl\/wp-json\/wp\/v2\/comments?post=14896"}],"version-history":[{"count":10,"href":"https:\/\/joy4jump.com\/sl\/wp-json\/wp\/v2\/pages\/14896\/revisions"}],"predecessor-version":[{"id":14965,"href":"https:\/\/joy4jump.com\/sl\/wp-json\/wp\/v2\/pages\/14896\/revisions\/14965"}],"wp:attachment":[{"href":"https:\/\/joy4jump.com\/sl\/wp-json\/wp\/v2\/media?parent=14896"}],"curies":[{"name":"wp","href":"https:\/\/api.w.org\/{rel}","templated":true}]}}