

{"id":14893,"date":"2015-06-20T16:11:19","date_gmt":"2015-06-20T16:11:19","guid":{"rendered":"https:\/\/joy4jump.com\/about-me\/"},"modified":"2022-09-04T07:02:11","modified_gmt":"2022-09-04T07:02:11","slug":"o-meni","status":"publish","type":"page","link":"https:\/\/joy4jump.com\/sl\/o-meni\/","title":{"rendered":"O meni"},"content":{"rendered":"<section class=\"wpb-content-wrapper\"><p>[vc_row full_width=&#8221;stretch_row_content_no_spaces&#8221; css=&#8221;.vc_custom_1657279656105{margin-top: -50px !important;background-color: #f4f4f4 !important;}&#8221;][vc_column width=&#8221;2\/3&#8243;][vc_column_text]<\/p>\n<div class=\"about-alenka-rotate\">Alenka<\/div>\n<div class=\"about-skrabec-rotate\">\u0160krabec<\/div>\n<p>[\/vc_column_text][vc_column_text el_class=&#8221;about-me-bullet&#8221;]<\/p>\n<ul>\n<li style=\"text-align: left;\">IN\u0160TRUKTORICA SKAKALNE GIMNASTIKE<\/li>\n<li style=\"text-align: left;\">TRENERKA IN IN\u0160TRUKTORICA JAHANJA<\/li>\n<li style=\"text-align: left;\">NUMEROLOGINJA<\/li>\n<li style=\"text-align: left;\">BIOENERGETSKA TERAPEVTKA<\/li>\n<li style=\"text-align: left;\">IN\u0160TRUKTORICA JOGE<\/li>\n<\/ul>\n<p>[\/vc_column_text][\/vc_column][vc_column width=&#8221;1\/3&#8243;][vc_single_image image=&#8221;14755&#8243; img_size=&#8221;full&#8221; alignment=&#8221;right&#8221;][\/vc_column][\/vc_row][vc_row full_width=&#8221;stretch_row_content_no_spaces&#8221; css=&#8221;.vc_custom_1656940446448{margin-top: 50px !important;margin-bottom: 25px !important;}&#8221;][vc_column][vc_text_separator title=&#8221;VE\u010c KOT 25 LET DELOVNIH IZKU\u0160ENJ&#8221; el_class=&#8221;separator-about-me&#8221;][\/vc_column][\/vc_row][vc_row full_width=&#8221;stretch_row_content_no_spaces&#8221; equal_height=&#8221;yes&#8221; css=&#8221;.vc_custom_1657279688359{padding-bottom: 20px !important;background-color: #f4f4f4 !important;}&#8221;][vc_column width=&#8221;1\/2&#8243;][vc_single_image image=&#8221;14756&#8243; img_size=&#8221;full&#8221; css=&#8221;.vc_custom_1657095935292{padding-bottom: 30px !important;background-color: #f4f4f4 !important;}&#8221;][\/vc_column][vc_column width=&#8221;1\/2&#8243; css=&#8221;.vc_custom_1657279179115{background-color: #f4f4f4 !important;}&#8221;][vc_column_text css=&#8221;.vc_custom_1662274214728{padding-top: 30px !important;padding-right: 30px !important;padding-bottom: 30px !important;padding-left: 30px !important;background-color: #ffffff !important;}&#8221;]<\/p>\n<p class=\"p1\"><span class=\"s1\">Svoje izku\u0161nje pri delu s psi in konji pridobivam in znanje nadgrajujem \u017ee od leta 1990, ko sem \u017eivela v Moskvi in imela izjemno prilo\u017enost trenirati z najbolj\u0161imi trenerji kot so: V.P. Kalinin, Igor Samoderovski in Nina Minkova. Vrsto let sem tekmovala v dresurnem jahanju in preskakovanju ovir, sedaj pa sem \u017ee ve\u010d kot dve desetletji aktivna tudi kot trener obeh disciplin. Sprva v Moskvi, od leta 2001 pa tudi v Sloveniji.<\/span><\/p>\n<p><span class=\"s1\">Poleg jahanja in treniranja konjev sem leta 1996 za\u010dela trenirati tudi agility z mojim belim bokserjem Joy-em in kmalu zatem za\u010dela tudi tekmovati.<\/span>[\/vc_column_text][\/vc_column][\/vc_row][vc_row full_width=&#8221;stretch_row_content_no_spaces&#8221; equal_height=&#8221;yes&#8221; css=&#8221;.vc_custom_1657280888242{padding-bottom: 50px !important;background-color: #f4f4f4 !important;}&#8221;][vc_column width=&#8221;1\/2&#8243; css=&#8221;.vc_custom_1657095953005{background-color: #f4f4f4 !important;}&#8221;][vc_column_text css=&#8221;.vc_custom_1662274362930{padding-top: 30px !important;padding-right: 30px !important;padding-bottom: 30px !important;padding-left: 30px !important;background-color: #ffffff !important;}&#8221;]<\/p>\n<p class=\"p1\" style=\"text-align: left;\"><span class=\"s1\">Pred \u0161tirimi leti je v moje \u017eivljenje pri\u0161el moj avstralski govedar Avatar. Ko je bil star 15 mesecev, sva za\u010dela trenirati agility. Dlje kot sem trenirala in ve\u010d ljudi in psov kot sem sre\u010devala na treningih in tekmovanjih, bolj sem opa\u017eala podobnosti med skoki pri psih in konjih. V pogovoru z in\u0161truktorji in nekaterimi tekmovalci smo ugotovili, da je najve\u010dja razlika med \u0161olanjem konj in \u0161olanjem psov v tem, da so konji namerno nau\u010deni skakati, medtem ko za pse velja, da je zanje naravno preskakovanje ovir, ki so postavljene 5-7 metrov narazen. Tako je nastala ideja, da bi znanje, ki ga imam iz dolgoletnega treniranja konj, pri katerem sem se vedno osredoto\u010dala zlasti na tehniko skakanja, prilagodila in uporabila pri treningu agilityja.<\/span><\/p>\n<p><span class=\"s1\">Vem, da tudi \u010de ima konj dobre predispozicije za skoke, to ne pomeni nujno, da bo dober kot tekmovalev v preskakovanju ovir. Skozi kariero trenerja sem se nau\u010dila, kako pomembno je trenirati skakalno gimnastiko in vsakega konja nau\u010diti ustrezne in pravilne tehnike skakanja. Specifi\u010dne vaje v skakalni gimnastiki so osnova treninga vsakega konja, ki tekmuje v skakanju.<\/span>[\/vc_column_text][\/vc_column][vc_column width=&#8221;1\/2&#8243;][vc_single_image image=&#8221;14759&#8243; img_size=&#8221;full&#8221;][\/vc_column][\/vc_row][vc_row full_width=&#8221;stretch_row_content_no_spaces&#8221; equal_height=&#8221;yes&#8221; css=&#8221;.vc_custom_1657279536359{padding-bottom: 20px !important;background-color: #f4f4f4 !important;}&#8221;][vc_column width=&#8221;1\/2&#8243;][vc_single_image image=&#8221;14760&#8243; img_size=&#8221;full&#8221; css=&#8221;.vc_custom_1657096778176{padding-bottom: 30px !important;background-color: #f4f4f4 !important;}&#8221;][\/vc_column][vc_column width=&#8221;1\/2&#8243; css=&#8221;.vc_custom_1657096864843{background-color: #f4f4f4 !important;}&#8221;][vc_column_text css=&#8221;.vc_custom_1662274911598{padding-top: 30px !important;padding-right: 30px !important;padding-bottom: 30px !important;padding-left: 30px !important;background-color: #ffffff !important;}&#8221;]In enako velja za pse. Vsi psi znajo skakati, vendar to ne pomeni, da lahko prete\u010dejo progo z dvajset in ve\u010d ovirami s polno hitrostjo, optimalno in varno.<\/p>\n<p>In tako sem za\u010dela sodelovati s prijatelji in njihovimi psi, da bi jim pokazala in jih nau\u010dila, kako izbolj\u0161ati sposobnost skakanja njihovih psov. In kot je bilo pri\u010dakovano, so ti psi kmalu za\u010deli prena\u0161ati sposobnosti in izku\u0161nje, ki so jih pridobili z usmerjenim treningom skakalne gimnastike, na tekmovanja.<\/p>\n<p>Rada bi se zahvalila vsem vodnikom ipsov n njihovim psom, ki so zaupali mojemu znanju in strokovnosti moje vzgoje. Vsi ste mi dokazali in hkrati potrdili, da lahko s pravilnimi vajami psom pomagamo bistveno pove\u010dati zavedanje svojega telesa in izpopolniti tehniko skakanja, kar je vse osnova za varen trening in dobre rezultate.<\/p>\n<p>Posebna zahvala gre Katarini Podlipnik Capuder in Lei Komat, ki sta mi prvi zaupali in me povabili k delu z njunima psoma ter me spodbudili, da svoje znanje in izku\u0161nje delim preko spletnih te\u010dajev in seminarjev.[\/vc_column_text][\/vc_column][\/vc_row][vc_row css=&#8221;.vc_custom_1657122967257{margin-top: 40px !important;margin-bottom: 40px !important;}&#8221;][vc_column el_class=&#8221;alenka_about_me_classes_bold&#8221;]\t\t<div class=\"ts-testimonial-wrapper ts-shortcode style-5 text-default  ts-slider show-nav nav-middle\" data-nav=\"1\" data-dots=\"0\" data-autoplay=\"1\">\n\t\t\t\n\t\t\t\t\t\n\t\t\t<div class=\"items loading\">\n\t\t\t\t\t\t\t<div class=\"item\" >\n\t\t\t\t\t\t\t\t\t<blockquote class=\"style-5\">\n\t\t\t\t\t\n\t\t\t\t\t\t\t\t\t\t<div class=\"thumbnail-meta\">\n\t\t\t\t\t\t\t\t\t\t\t\t<div class=\"image\">\n\t\t\t\t\t\t\t<img loading=\"lazy\" decoding=\"async\" width=\"100\" height=\"100\" src=\"https:\/\/joy4jump.com\/wp-content\/uploads\/2022\/07\/joy4jump-mastering-in-out-testmonial-100x100.jpg\" class=\"attachment-100x100 size-100x100 wp-post-image\" alt=\"\" srcset=\"https:\/\/joy4jump.com\/wp-content\/uploads\/2022\/07\/joy4jump-mastering-in-out-testmonial-100x100.jpg 100w, https:\/\/joy4jump.com\/wp-content\/uploads\/2022\/07\/joy4jump-mastering-in-out-testmonial-150x150.jpg 150w, https:\/\/joy4jump.com\/wp-content\/uploads\/2022\/07\/joy4jump-mastering-in-out-testmonial-40x40.jpg 40w, https:\/\/joy4jump.com\/wp-content\/uploads\/2022\/07\/joy4jump-mastering-in-out-testmonial.jpg 200w\" sizes=\"auto, (max-width: 100px) 100vw, 100px\" \/>\t\t\t\t\t\t<\/div>\n\t\t\t\t\t\t\n\t\t\t\t\t\t\t\t\t\t\t<\/div>\n\t\t\t\t\t\t\t\t\t\t\n\t\t\t\t\t<div class=\"content\">\n\t\t\t\t\t\tMASTERING OUT-IN - REGISTRACIJA je odprta vse leto.\t\t\t\t\t<\/div>\n\t\t\t\t\t\n\t\t\t\t\t<p class=\"author-role\">\n\t\t\t\t\t\t<span class=\"author\">\n\t\t\t\t\t\t\t<a href=\"#\" target=\"_blank\">Alenka<\/a>\n\t\t\t\t\t\t<\/span>\n\t\t\t\t\t\t<span class=\"role\"><\/span>\n\t\t\t\t\t\t\t\t\t\t\t<\/p>\n\t\t\t\t\t<\/blockquote>\n\t\t\t\t\t\t\t\t<\/div>\n\t\t\t\t\t\t\t\t<div class=\"item\" >\n\t\t\t\t\t\t\t\t\t<blockquote class=\"style-5\">\n\t\t\t\t\t\n\t\t\t\t\t\t\t\t\t\t<div class=\"thumbnail-meta\">\n\t\t\t\t\t\t\t\t\t\t\t\t<div class=\"image\">\n\t\t\t\t\t\t\t<img loading=\"lazy\" decoding=\"async\" width=\"100\" height=\"100\" src=\"https:\/\/joy4jump.com\/wp-content\/uploads\/2022\/07\/jo4jump-joyfull-jumping-testmonial-100x100.jpg\" class=\"attachment-100x100 size-100x100 wp-post-image\" alt=\"\" srcset=\"https:\/\/joy4jump.com\/wp-content\/uploads\/2022\/07\/jo4jump-joyfull-jumping-testmonial-100x100.jpg 100w, https:\/\/joy4jump.com\/wp-content\/uploads\/2022\/07\/jo4jump-joyfull-jumping-testmonial-150x150.jpg 150w, https:\/\/joy4jump.com\/wp-content\/uploads\/2022\/07\/jo4jump-joyfull-jumping-testmonial-40x40.jpg 40w, https:\/\/joy4jump.com\/wp-content\/uploads\/2022\/07\/jo4jump-joyfull-jumping-testmonial.jpg 200w\" sizes=\"auto, (max-width: 100px) 100vw, 100px\" \/>\t\t\t\t\t\t<\/div>\n\t\t\t\t\t\t\n\t\t\t\t\t\t\t\t\t\t\t<\/div>\n\t\t\t\t\t\t\t\t\t\t\n\t\t\t\t\t<div class=\"content\">\n\t\t\t\t\t\tJOYFULL JUMPING - REGISTRACIJA je odprta vse leto.\t\t\t\t\t<\/div>\n\t\t\t\t\t\n\t\t\t\t\t<p class=\"author-role\">\n\t\t\t\t\t\t<span class=\"author\">\n\t\t\t\t\t\t\t<a href=\"#\" target=\"_blank\">Alenka<\/a>\n\t\t\t\t\t\t<\/span>\n\t\t\t\t\t\t<span class=\"role\"><\/span>\n\t\t\t\t\t\t\t\t\t\t\t<\/p>\n\t\t\t\t\t<\/blockquote>\n\t\t\t\t\t\t\t\t<\/div>\n\t\t\t\t\t\t\t\t<div class=\"item\" >\n\t\t\t\t\t\t\t\t\t<blockquote class=\"style-5\">\n\t\t\t\t\t\n\t\t\t\t\t\t\t\t\t\t<div class=\"thumbnail-meta\">\n\t\t\t\t\t\t\t\t\t\t\t\t<div class=\"image\">\n\t\t\t\t\t\t\t<img loading=\"lazy\" decoding=\"async\" width=\"100\" height=\"100\" src=\"https:\/\/joy4jump.com\/wp-content\/uploads\/2017\/08\/joy4jump-entering-into-collection-testmonial-100x100.jpg\" class=\"attachment-100x100 size-100x100 wp-post-image\" alt=\"\" srcset=\"https:\/\/joy4jump.com\/wp-content\/uploads\/2017\/08\/joy4jump-entering-into-collection-testmonial-100x100.jpg 100w, https:\/\/joy4jump.com\/wp-content\/uploads\/2017\/08\/joy4jump-entering-into-collection-testmonial-150x150.jpg 150w, https:\/\/joy4jump.com\/wp-content\/uploads\/2017\/08\/joy4jump-entering-into-collection-testmonial-40x40.jpg 40w, https:\/\/joy4jump.com\/wp-content\/uploads\/2017\/08\/joy4jump-entering-into-collection-testmonial.jpg 200w\" sizes=\"auto, (max-width: 100px) 100vw, 100px\" \/>\t\t\t\t\t\t<\/div>\n\t\t\t\t\t\t\n\t\t\t\t\t\t\t\t\t\t\t<\/div>\n\t\t\t\t\t\t\t\t\t\t\n\t\t\t\t\t<div class=\"content\">\n\t\t\t\t\t\tENTERING into COLLECTION - REGISTRACIJA je odprta vse leto.\t\t\t\t\t<\/div>\n\t\t\t\t\t\n\t\t\t\t\t<p class=\"author-role\">\n\t\t\t\t\t\t<span class=\"author\">\n\t\t\t\t\t\t\t<a href=\"#\" target=\"_blank\">Alenka<\/a>\n\t\t\t\t\t\t<\/span>\n\t\t\t\t\t\t<span class=\"role\"><\/span>\n\t\t\t\t\t\t\t\t\t\t\t<\/p>\n\t\t\t\t\t<\/blockquote>\n\t\t\t\t\t\t\t\t<\/div>\n\t\t\t\t\t\t\t<\/div>\n\t\t<\/div>\n\t\t[\/vc_column][\/vc_row][vc_row full_width=&#8221;stretch_row_content_no_spaces&#8221;][vc_column][vc_single_image image=&#8221;14767&#8243; img_size=&#8221;full&#8221; alignment=&#8221;center&#8221;][\/vc_column][\/vc_row][vc_row full_width=&#8221;stretch_row&#8221; disable_element=&#8221;yes&#8221; css=&#8221;.vc_custom_1657097265089{padding-top: 90px !important;padding-bottom: 50px !important;background-color: #f5f5f5 !important;}&#8221;][vc_column]<div style=\"background:#181818\" class=\"ts-heading heading-3 style-center-border text-default\"><h3>Meet Our Team<\/h3><\/div>[vc_column_text css=&#8221;.vc_custom_1507522992343{margin-top: -40px !important;}&#8221;]<\/p>\n<p class=\"ts-description\">Donec id elit non mi porta gravida at eget metus. Lorem ipsum dolor sit amet, consectetur adipiscing elit. Nullam id dolor id nibh ultricies vehicula.<\/p>\n<p>[\/vc_column_text][\/vc_column][\/vc_row][vc_row full_width=&#8221;stretch_row_content_no_spaces&#8221; disable_element=&#8221;yes&#8221; css=&#8221;.vc_custom_1657097291817{margin-bottom: -20px !important;}&#8221;][vc_column]\t\t<div class=\"google-map-container\" style=\"height:600px\" \n\t\t\tdata-address=\"Birmingham, AL\" data-zoom=\"16\" data-map_type=\"TERRAIN\" data-title=\"\">\n\t\t\t<div style=\"height:600px\" class=\"map-content\"><\/div>\n\t\t\t\t\t\t<div class=\"information\">\n\t\t\t\t<\/p>\n<h6>HEAD OFFICE<\/h6>\n<div class=\"content-contact office-address\">Your Name Road, Your City, United of Kingdom<\/div>\n<div class=\"content-contact phone-numbers\">(+84)\u00a08 3555 3203<\/div>\n<div class=\"content-contact email-address\" style=\"margin-bottom: 0;\">themesky.info@gmail.com<\/div>\n<p>\n\t\t\t<\/div>\n\t\t\t\t\t<\/div>\n\t\t[\/vc_column][\/vc_row]<\/p>\n<\/section>","protected":false},"excerpt":{"rendered":"<p>[vc_row full_width=&#8221;stretch_row_content_no_spaces&#8221; css=&#8221;.vc_custom_1657279656105{margin-top: -50px !important;background-color: #f4f4f4 !important;}&#8221;][vc_column width=&#8221;2\/3&#8243;][vc_column_text] Alenka \u0160krabec [\/vc_column_text][vc_column_text el_class=&#8221;about-me-bullet&#8221;] IN\u0160TRUKTORICA SKAKALNE GIMNASTIKE TRENERKA IN IN\u0160TRUKTORICA JAHANJA NUMEROLOGINJA BIOENERGETSKA TERAPEVTKA IN\u0160TRUKTORICA JOGE [\/vc_column_text][\/vc_column][vc_column width=&#8221;1\/3&#8243;][vc_single_image image=&#8221;14755&#8243; img_size=&#8221;full&#8221; alignment=&#8221;right&#8221;][\/vc_column][\/vc_row][vc_row full_width=&#8221;stretch_row_content_no_spaces&#8221; css=&#8221;.vc_custom_1656940446448{margin-top: 50px !important;margin-bottom: 25px !important;}&#8221;][vc_column][vc_text_separator title=&#8221;VE\u010c KOT 25 LET DELOVNIH IZKU\u0160ENJ&#8221; el_class=&#8221;separator-about-me&#8221;][\/vc_column][\/vc_row][vc_row full_width=&#8221;stretch_row_content_no_spaces&#8221; equal_height=&#8221;yes&#8221; css=&#8221;.vc_custom_1657279688359{padding-bottom: 20px !important;background-color: #f4f4f4 !important;}&#8221;][vc_column width=&#8221;1\/2&#8243;][vc_single_image image=&#8221;14756&#8243; img_size=&#8221;full&#8221; css=&#8221;.vc_custom_1657095935292{padding-bottom: 30px !important;background-color: [&hellip;]<\/p>\n","protected":false},"author":1,"featured_media":0,"parent":0,"menu_order":0,"comment_status":"closed","ping_status":"closed","template":"","meta":{"inline_featured_image":false,"footnotes":""},"class_list":["post-14893","page","type-page","status-publish","hentry"],"_links":{"self":[{"href":"https:\/\/joy4jump.com\/sl\/wp-json\/wp\/v2\/pages\/14893","targetHints":{"allow":["GET"]}}],"collection":[{"href":"https:\/\/joy4jump.com\/sl\/wp-json\/wp\/v2\/pages"}],"about":[{"href":"https:\/\/joy4jump.com\/sl\/wp-json\/wp\/v2\/types\/page"}],"author":[{"embeddable":true,"href":"https:\/\/joy4jump.com\/sl\/wp-json\/wp\/v2\/users\/1"}],"replies":[{"embeddable":true,"href":"https:\/\/joy4jump.com\/sl\/wp-json\/wp\/v2\/comments?post=14893"}],"version-history":[{"count":9,"href":"https:\/\/joy4jump.com\/sl\/wp-json\/wp\/v2\/pages\/14893\/revisions"}],"predecessor-version":[{"id":14985,"href":"https:\/\/joy4jump.com\/sl\/wp-json\/wp\/v2\/pages\/14893\/revisions\/14985"}],"wp:attachment":[{"href":"https:\/\/joy4jump.com\/sl\/wp-json\/wp\/v2\/media?parent=14893"}],"curies":[{"name":"wp","href":"https:\/\/api.w.org\/{rel}","templated":true}]}}